{"id":958,"date":"2022-06-15T09:37:54","date_gmt":"2022-06-15T07:37:54","guid":{"rendered":"https:\/\/wbv-obere-peene.wbv-mv.de\/?page_id=958"},"modified":"2026-01-15T15:41:30","modified_gmt":"2026-01-15T13:41:30","slug":"ausschreibungen-vergaben","status":"publish","type":"page","link":"https:\/\/wbv-obere-peene.wbv-mv.de\/?page_id=958","title":{"rendered":"Ausschreibungen\/ Vergaben"},"content":{"rendered":"\n<p class=\"has-medium-font-size\" style=\"font-style:normal;font-weight:600\">Ausschreibungsbekanntmachungen<\/p>\n\n\n\n<figure class=\"wp-block-table is-style-stripes has-small-font-size\"><table><tbody><tr><td><strong><em>Datum<\/em><\/strong><\/td><td><strong><em>Vorhaben<\/em><\/strong><\/td><td><strong><em>Art der Vergabe<\/em><\/strong><\/td><td><strong><em>Auftragsgegenstand<\/em><\/strong><\/td><td><strong><em>Ausschreibungszeitraum\/ Vergabezeitraum<\/em><\/strong><\/td><\/tr><tr><td>27.01.2022<\/td><td>Gew\u00e4sserunterhaltung 2023 &#8211; 2024<\/td><td>Beschr\u00e4nkte Ausschreibung (o. Teilnahmewettbewerb)<\/td><td>Bauleistung<\/td><td>M\u00e4rz\/ April 2022<\/td><\/tr><tr><td>30.03.2022<\/td><td>Naturnahe Umgestaltung Glasower Bach<\/td><td>Beschr\u00e4nkte Ausschreibung (o. Teilnahmewettbewerb)<\/td><td>Bauleistung<\/td><td>Mai 2022<\/td><\/tr><tr><td>30.05.2022<\/td><td>Sanierung L 660 (Karbach) Ritzerow<\/td><td>Beschr\u00e4nkte Ausschreibung (o. Teilnahmewettbewerb)<\/td><td>Bauleistung<\/td><td>Juni 2022<\/td><\/tr><tr><td>24.03.2023<\/td><td>Lieferung Kettenbagger 14t-17,5t<\/td><td>Verhandlungsvergabe<\/td><td>UVgO<\/td><td>April\/ Mai 2023<\/td><\/tr><tr><td>24.03.2023<\/td><td>Lieferung Tieflader<\/td><td>Verhandlungsvergabe<\/td><td>UVgO<\/td><td>April\/ Mai 2023<\/td><\/tr><tr><td>24.03.2023<\/td><td>Lieferung Traktor <\/td><td>Verhandlungsvergabe<\/td><td>UVgO<\/td><td>April\/ Mai 2023<\/td><\/tr><tr><td>24.03.2023<\/td><td>Herstellung der \u00f6kologischen Durchg\u00e4ngigkeit des Ziddorfer M\u00fchlbachs (OPEE 3300_M18) am Stra\u00dfendurchlass in Schlo\u00df Grubenhagen<\/td><td>Beschr\u00e4nkte Ausschreibung (o. Teilnahmewettbewerb)<\/td><td>UVgO<br>Planung<\/td><td>April\/ Mai 2023<\/td><\/tr><tr><td>18.12.2023<\/td><td>Herstellung der \u00f6kologischen Durchg\u00e4ngigkeit des Ziddorfer M\u00fchlbachs (OPEE 3300_M18) am Stra\u00dfendurchlass in Schlo\u00df Grubenhagen<\/td><td>Beschr\u00e4nkte Ausschreibung (o. Teilnahmewettbewerb)<\/td><td>VOB<br>Bauleistung<\/td><td>Januar\/ Februar 2024<\/td><\/tr><tr><td>18.12.2023<\/td><td>Arch\u00e4ologische Baubegleitung f\u00fcr das Projekt Herstellung der \u00f6kologischen Durchg\u00e4ngigkeit des Ziddorfer M\u00fchlbachs (OPEE 3300_M18) am Stra\u00dfendurchlass in Schlo\u00df Grubenhagen<\/td><td>Verhandlungsvergabe<\/td><td>UVgO<\/td><td>Januar\/ Februar 2024<\/td><\/tr><tr><td>08.01.2024<\/td><td>Gew\u00e4sserunterhaltung Krautung 2025-2026<\/td><td>\u00d6ffentliche Ausschreibung<\/td><td>VOB<br>Bauleistung<\/td><td>Februar\/ M\u00e4rz 2024<\/td><\/tr><tr><td>08.04.2024<\/td><td>Unvorhergesehene Unterhaltungsleistung, Havariedienst<\/td><td>Beschr\u00e4nkte Ausschreibung (o. Teilnahmewettbewerb)<\/td><td>VOB<br>Bauleistung<\/td><td>April\/ Mai 2024<\/td><\/tr><tr><td>08.01.2026<\/td><td>Machbarkeitsstudie Graben aus Alt Sch\u00f6nau<\/td><td>Beschr\u00e4nkte Ausschreibung (o. Teilnahmewettbewerb)<\/td><td>UVgO<\/td><td>Januar\/ Februar 2026<\/td><\/tr><tr><td>15.01.2026<\/td><td>Gew\u00e4sserunterhaltung Krautung 2027-2030<\/td><td>Beschr\u00e4nkte Ausschreibung (o. Teilnahmewettbewerb)<\/td><td>VOB<br>Bauleistung<\/td><td>Februar 2026<\/td><\/tr><tr><td>15.01.2026<\/td><td>Unterhaltungsleistungen 2027-2030<\/td><td>Beschr\u00e4nkte Ausschreibung (o. Teilnahmewettbewerb)<\/td><td>VOB<br>Bauleistung<\/td><td>Februar 2026<\/td><\/tr><\/tbody><\/table><\/figure>\n\n\n\n<p style=\"font-style:normal;font-weight:600\">Vergabebekanntmachungen<\/p>\n\n\n\n<figure class=\"wp-block-table is-style-stripes has-small-font-size\"><table><tbody><tr><td><strong><em>Auftragsdatum<\/em><\/strong><\/td><td><em><strong>Vorhaben<\/strong><\/em><\/td><td><em><strong>Art und Umfang der Leistung<\/strong><\/em><\/td><td><strong><em>Art der Vergabe<\/em><\/strong><\/td><td><em><strong>Auftraggeber<\/strong><\/em><\/td><td><em><strong>Auftragnehmer<\/strong><\/em><\/td><\/tr><tr><td>03.06.2024<\/td><td>Unvorhergesehene Unterhaltungsleistung, Havariedienst Los 1<\/td><td>Bauleistung<\/td><td>Beschr\u00e4nkte Ausschreibung (o. Teilnahmewettbewerb)<\/td><td>Wasser- und Bodenverband Obere Peene<\/td><td>Graben- und Gew\u00e4sserpflege Fa. Gosse, Sukow-Levitzow<\/td><\/tr><tr><td>03.06.2024<\/td><td>Unvorhergesehene Unterhaltungsleistung, Havariedienst Los 2<\/td><td>Bauleistung<\/td><td>Beschr\u00e4nkte Ausschreibung (o. Teilnahmewettbewerb)<\/td><td>Wasser- und Bodenverband Obere Peene<\/td><td>VVL Landschaftspflege, Volkenshagen<\/td><\/tr><tr><td>03.06.2024<\/td><td>Unvorhergesehene Unterhaltungsleistung, Havariedienst Los 3<\/td><td>Bauleistung<\/td><td>Beschr\u00e4nkte Ausschreibung (o. Teilnahmewettbewerb)<\/td><td>Wasser- und Bodenverband Obere Peene<\/td><td>Landwirtschaftsbetrieb Lewke, Hohen-Wangelin<\/td><\/tr><tr><td>30.04.2024<\/td><td>Gew\u00e4sserunterhaltung Krautung 2025-2026<br>Los 1,2,3<\/td><td>Bauleistung<\/td><td>\u00d6ffentliche Ausschreibung<\/td><td>Wasser- und Bodenverband Obere Peene<\/td><td>Graben- und Gew\u00e4sserpflege Fa. Gosse, Sukow-Levitzow<\/td><\/tr><tr><td>30.04.2024<\/td><td>Gew\u00e4sserunterhaltung Krautung 2025-2026<br>Los 4,9,10,11<\/td><td>Bauleistung<\/td><td>\u00d6ffentliche Ausschreibung<\/td><td>Wasser- und Bodenverband Obere Peene<\/td><td>TUL-BAU M\u00fcritz-Peene, Kargow<\/td><\/tr><tr><td>30.04.2024<\/td><td>Gew\u00e4sserunterhaltung Krautung 2025-2026<br>Los 5<\/td><td>Bauleistung<\/td><td>\u00d6ffentliche Ausschreibung<\/td><td>Wasser- und Bodenverband Obere Peene<\/td><td>Holz-David, Schwabendorf<\/td><\/tr><tr><td>30.04.2024<\/td><td>Gew\u00e4sserunterhaltung Krautung 2025-2026<br>Los 6<\/td><td>Bauleistung<\/td><td>\u00d6ffentliche Ausschreibung<\/td><td>Wasser- und Bodenverband Obere Peene<\/td><td>Landwirtschaftsbetrieb Lewke, Hohen-Wangelin<\/td><\/tr><tr><td>30.04.2024<\/td><td>Gew\u00e4sserunterhaltung Krautung 2025-2026<br>Los 7,8<\/td><td>Bauleistung<\/td><td>\u00d6ffentliche Ausschreibung<\/td><td>Wasser- und Bodenverband Obere Peene<\/td><td>VVL Landschaftspflege, Volkenshagen<\/td><\/tr><tr><td>30.04.2024<\/td><td>Gew\u00e4sserunterhaltung Krautung 2025-2026<br>Los 12,13<\/td><td>Bauleistung<\/td><td>\u00d6ffentliche Ausschreibung<\/td><td>Wasser- und Bodenverband Obere Peene<\/td><td>Me-La-Bau, K\u00e4gebein, L\u00fcbzin<\/td><\/tr><tr><td>23.02.2024<\/td><td>Herstellung der \u00f6kologischen Durchg\u00e4ngigkeit des Ziddorfer M\u00fchlbachs (OPEE 3300_M18) am Stra\u00dfendurchlass in Schlo\u00df Grubenhagen<\/td><td>Bauleistung<\/td><td>Beschr\u00e4nkte Ausschreibung (o. Teilnahmewettbewerb)<\/td><td>Wasser- und Bodenverband Obere Peene<\/td><td>Schmitz Er- und Landschaftsbau GmbH,<br>Borrentin<\/td><\/tr><tr><td>08.02.2024<\/td><td>Z 30\/33 Rohrleitungsreparatur Altbauhof<\/td><td>Bauleistung<\/td><td>Freih\u00e4ndige Vergabe (o. Teilnahmewettbewerb)<\/td><td>Wasser- und Bodenverband Obere Peene<\/td><td>Peenebaugesellschaft, Neukalen<\/td><\/tr><tr><td>21.06.2023<\/td><td>Herstellung der \u00f6kologischen Durchg\u00e4ngigkeit des Ziddorfer M\u00fchlbachs (OPEE 3300_M18) am Stra\u00dfendurchlass in Schlo\u00df Grubenhagen<\/td><td>Planungsleistung<\/td><td>Beschr\u00e4nkte Ausschreibung (o. Teilnahmewettbewerb)<\/td><td>Wasser- und Bodenverband Obere Peene<\/td><td>IPROconsult, Berlin<\/td><\/tr><tr><td>18.05.2023<\/td><td>Lieferung Kettenbagger<\/td><td>Lieferleistung<\/td><td>Verhandlungsvergabe <\/td><td>Wasser- und Bodenverband Obere Peene<\/td><td>Zeppelin Baumaschinen, Dummerstorf<\/td><\/tr><tr><td>28.07.2022<\/td><td>Rohrleitungssanierung L 660 (Karbach) Ritzerow<\/td><td>Bauleistung<\/td><td>Beschr\u00e4nkte Ausschreibung (o. Teilnahmewettbewerb)<\/td><td>Wasser- und Bodenverband Obere Peene<\/td><td>HTS M\u00fcritz GmbH, Peenehagen<\/td><\/tr><tr><td>04.05.2022<\/td><td>Naturnahe Umgestaltung Glasower Bach<\/td><td>Bauleistung<\/td><td>Beschr\u00e4nkte Ausschreibung (o. Teilnahmewettbewerb)<\/td><td>Wasser- und Bodenverband Obere Peene<\/td><td>HTS M\u00fcritz GmbH, Peenehagen<\/td><\/tr><tr><td>15.03.2022<\/td><td>Sanierung L 660 (Karbach) Ritzerow<\/td><td>Geotechnischer Bericht<\/td><td>Direktauftrag<\/td><td>Wasser- und Bodenverband Obere Peene<\/td><td>Ingenieurb\u00fcro A. Hofmann, Neubrandenburg<\/td><\/tr><tr><td><\/td><td>Gew\u00e4sserunterhaltung 2023 -2024<\/td><td>Bauleistung<br>Los 1, 2, 3<\/td><td>Beschr\u00e4nkte Ausschreibung (o. Teilnahmewettbewerb)<\/td><td>Wasser- und Bodenverband Obere Peene<\/td><td>Graben- und Gew\u00e4sserpflege Fa. Gosse, Sukow-Levitzow<\/td><\/tr><tr><td><\/td><td>Gew\u00e4sserunterhaltung 2023 -2024<\/td><td>Bauleistung<br>Los 4,9,10,11<\/td><td>Beschr\u00e4nkte Ausschreibung (o. Teilnahmewettbewerb)<\/td><td>Wasser- und Bodenverband Obere Peene<\/td><td>TUL-BAU M\u00fcritz-Peene, Kargow<\/td><\/tr><tr><td><\/td><td>Gew\u00e4sserunterhaltung 2023 -2024<\/td><td>Bauleistung<br>Los 5<\/td><td>Beschr\u00e4nkte Ausschreibung (o. Teilnahmewettbewerb)<\/td><td>Wasser- und Bodenverband Obere Peene<\/td><td>Lohnbetrieb B. Meyer &amp; Co., Malchin<\/td><\/tr><tr><td><\/td><td>Gew\u00e4sserunterhaltung 2023 -2024<\/td><td>Bauleistung<br>Los 6<\/td><td>Beschr\u00e4nkte Ausschreibung (o. Teilnahmewettbewerb)<\/td><td>Wasser- und Bodenverband Obere Peene<\/td><td>Landwirtschaftsbetrieb Sebastian Lewke, Hohen Wangelin<\/td><\/tr><tr><td><\/td><td>Gew\u00e4sserunterhaltung 2023 -2024<\/td><td>Bauleistung<br>Los 7,8<\/td><td>Beschr\u00e4nkte Ausschreibung (o. Teilnahmewettbewerb)<\/td><td>Wasser- und Bodenverband Obere Peene<\/td><td>VVL Landschaftspflege, Volkenshagen<\/td><\/tr><tr><td><\/td><td>Gew\u00e4sserunterhaltung 2023 -2024<\/td><td>Bauleistung<br>Los 12,13<\/td><td>Beschr\u00e4nkte Ausschreibung (o. Teilnahmewettbewerb)<\/td><td>Wasser- und Bodenverband Obere Peene<\/td><td>Me-La-Bau, K\u00e4gebein, L\u00fcbzin<\/td><\/tr><\/tbody><\/table><\/figure>\n","protected":false},"excerpt":{"rendered":"<p>Ausschreibungsbekanntmachungen Datum Vorhaben Art der Vergabe Auftragsgegenstand Ausschreibungszeitraum\/ Vergabezeitraum 27.01.2022 Gew\u00e4sserunterhaltung 2023 &#8211; 2024 Beschr\u00e4nkte Ausschreibung (o. Teilnahmewettbewerb) Bauleistung M\u00e4rz\/ April 2022 30.03.2022 Naturnahe Umgestaltung Glasower Bach Beschr\u00e4nkte Ausschreibung (o. Teilnahmewettbewerb) Bauleistung Mai 2022 30.05.2022 Sanierung L 660 (Karbach) Ritzerow Beschr\u00e4nkte Ausschreibung (o. Teilnahmewettbewerb) Bauleistung Juni 2022 24.03.2023 Lieferung Kettenbagger 14t-17,5t Verhandlungsvergabe UVgO April\/ Mai [&hellip;]<\/p>\n","protected":false},"author":2,"featured_media":0,"parent":0,"menu_order":0,"comment_status":"closed","ping_status":"closed","template":"","meta":{"_acf_changed":false,"footnotes":""},"acf":[],"_links":{"self":[{"href":"https:\/\/wbv-obere-peene.wbv-mv.de\/index.php?rest_route=\/wp\/v2\/pages\/958"}],"collection":[{"href":"https:\/\/wbv-obere-peene.wbv-mv.de\/index.php?rest_route=\/wp\/v2\/pages"}],"about":[{"href":"https:\/\/wbv-obere-peene.wbv-mv.de\/index.php?rest_route=\/wp\/v2\/types\/page"}],"author":[{"embeddable":true,"href":"https:\/\/wbv-obere-peene.wbv-mv.de\/index.php?rest_route=\/wp\/v2\/users\/2"}],"replies":[{"embeddable":true,"href":"https:\/\/wbv-obere-peene.wbv-mv.de\/index.php?rest_route=%2Fwp%2Fv2%2Fcomments&post=958"}],"version-history":[{"count":20,"href":"https:\/\/wbv-obere-peene.wbv-mv.de\/index.php?rest_route=\/wp\/v2\/pages\/958\/revisions"}],"predecessor-version":[{"id":1100,"href":"https:\/\/wbv-obere-peene.wbv-mv.de\/index.php?rest_route=\/wp\/v2\/pages\/958\/revisions\/1100"}],"wp:attachment":[{"href":"https:\/\/wbv-obere-peene.wbv-mv.de\/index.php?rest_route=%2Fwp%2Fv2%2Fmedia&parent=958"}],"curies":[{"name":"wp","href":"https:\/\/api.w.org\/{rel}","templated":true}]}}