{"id":509,"date":"2014-09-15T09:32:37","date_gmt":"2014-09-15T07:32:37","guid":{"rendered":"http:\/\/wbv-obere-peene.wbv-mv.de\/?page_id=509"},"modified":"2025-10-30T09:15:40","modified_gmt":"2025-10-30T07:15:40","slug":"gewaesserschaue","status":"publish","type":"page","link":"https:\/\/wbv-obere-peene.wbv-mv.de\/?page_id=509","title":{"rendered":"Gew\u00e4sserschauen"},"content":{"rendered":"<h4><span style=\"text-decoration: underline;\"><span style=\"color: #003366; text-decoration: underline;\">Gew\u00e4sserschau \u00a0f\u00fcr die Schaubereiche 1 bis 3<\/span><\/span><\/h4>\n<h4><span style=\"color: #003366;\">\u00a025.11.2025, 9 Uhr, Rathhaus Neukalen, Markt 1, 17154 Neukalen<br \/>\n<\/span><\/h4>\n<h4><span style=\"text-decoration: underline;\"><span style=\"color: #003366; text-decoration: underline;\">Gew\u00e4sserschau \u00a0f\u00fcr den Schaubereich 4 und 6<\/span><\/span><\/h4>\n<h4><span style=\"color: #003366;\">\u00a025.11.2025, 13:30 Uhr,\u00a0 Betriebshof Malchin, M\u00fchlenfeld 5, 17139 Malchin<br \/>\n<\/span><\/h4>\n<h4><span style=\"text-decoration: underline;\"><span style=\"color: #003366; text-decoration: underline;\">Gew\u00e4sserschau \u00a0f\u00fcr die Schaubereiche 7 bis 10<\/span><\/span><\/h4>\n<h4><span style=\"color: #003366;\">\u00a027.11.2025, 9 Uhr, Gemeindehaus Faulenrost, Dorfstra\u00dfe 95a, 17139 Faulenrost<br \/>\n<\/span><\/h4>\n<h4><span style=\"text-decoration: underline;\"><span style=\"color: #003366; text-decoration: underline;\">Gew\u00e4sserschau f\u00fcr die Schaubereiche 11 bis 13<\/span><\/span><\/h4>\n<h4><span style=\"color: #003366;\">\u00a027.11.2025, 13:30 Uhr, Gemeindehaus Dahmen, Philosophenweg 1, 17166 Dahmen<br \/>\n<\/span><\/h4>\n<h4><\/h4>\n","protected":false},"excerpt":{"rendered":"<p>Gew\u00e4sserschau \u00a0f\u00fcr die Schaubereiche 1 bis 3 \u00a025.11.2025, 9 Uhr, Rathhaus Neukalen, Markt 1, 17154 Neukalen Gew\u00e4sserschau \u00a0f\u00fcr den Schaubereich 4 und 6 \u00a025.11.2025, 13:30 Uhr,\u00a0 Betriebshof Malchin, M\u00fchlenfeld 5, 17139 Malchin Gew\u00e4sserschau \u00a0f\u00fcr die Schaubereiche 7 bis 10 \u00a027.11.2025, 9 Uhr, Gemeindehaus Faulenrost, Dorfstra\u00dfe 95a, 17139 Faulenrost Gew\u00e4sserschau f\u00fcr die Schaubereiche 11 bis 13 [&hellip;]<\/p>\n","protected":false},"author":2,"featured_media":0,"parent":0,"menu_order":0,"comment_status":"closed","ping_status":"closed","template":"","meta":{"_acf_changed":false,"footnotes":""},"acf":[],"_links":{"self":[{"href":"https:\/\/wbv-obere-peene.wbv-mv.de\/index.php?rest_route=\/wp\/v2\/pages\/509"}],"collection":[{"href":"https:\/\/wbv-obere-peene.wbv-mv.de\/index.php?rest_route=\/wp\/v2\/pages"}],"about":[{"href":"https:\/\/wbv-obere-peene.wbv-mv.de\/index.php?rest_route=\/wp\/v2\/types\/page"}],"author":[{"embeddable":true,"href":"https:\/\/wbv-obere-peene.wbv-mv.de\/index.php?rest_route=\/wp\/v2\/users\/2"}],"replies":[{"embeddable":true,"href":"https:\/\/wbv-obere-peene.wbv-mv.de\/index.php?rest_route=%2Fwp%2Fv2%2Fcomments&post=509"}],"version-history":[{"count":20,"href":"https:\/\/wbv-obere-peene.wbv-mv.de\/index.php?rest_route=\/wp\/v2\/pages\/509\/revisions"}],"predecessor-version":[{"id":1084,"href":"https:\/\/wbv-obere-peene.wbv-mv.de\/index.php?rest_route=\/wp\/v2\/pages\/509\/revisions\/1084"}],"wp:attachment":[{"href":"https:\/\/wbv-obere-peene.wbv-mv.de\/index.php?rest_route=%2Fwp%2Fv2%2Fmedia&parent=509"}],"curies":[{"name":"wp","href":"https:\/\/api.w.org\/{rel}","templated":true}]}}