{"id":417,"date":"2014-06-02T16:18:24","date_gmt":"2014-06-02T14:18:24","guid":{"rendered":"http:\/\/wbv-obere-peene.wbv-mv.de\/?page_id=417"},"modified":"2015-10-28T16:06:44","modified_gmt":"2015-10-28T14:06:44","slug":"projekte-dritter","status":"publish","type":"page","link":"https:\/\/wbv-obere-peene.wbv-mv.de\/?page_id=417","title":{"rendered":"Projekte Dritter"},"content":{"rendered":"<p><span style=\"color: #003366;\"><strong><em>\u00d6kologisch durchg\u00e4ngige Umgestaltung des Ablaufes Klostersee &#8211; Dargun (R\u00f6cknitzbach)<\/em><\/strong><\/span><\/p>\n<p><span style=\"color: #003366;\"><strong><em><img loading=\"lazy\" decoding=\"async\" class=\"alignnone  wp-image-520\" src=\"http:\/\/wbv-obere-peene.wbv-mv.de\/wp-content\/uploads\/2014\/10\/Seeauslauf-FAA-18.08.2014-005-600x450.jpg\" alt=\"Seeauslauf FAA 18.08.2014 005\" width=\"532\" height=\"399\" srcset=\"https:\/\/wbv-obere-peene.wbv-mv.de\/wp-content\/uploads\/2014\/10\/Seeauslauf-FAA-18.08.2014-005-600x450.jpg 600w, https:\/\/wbv-obere-peene.wbv-mv.de\/wp-content\/uploads\/2014\/10\/Seeauslauf-FAA-18.08.2014-005.jpg 1024w\" sizes=\"(max-width: 532px) 100vw, 532px\" \/><\/em><\/strong><\/span><\/p>\n<p><span style=\"color: #003366;\">\u00a0<em>Vorhabenstr\u00e4ger: Stadt Dargun<\/em><\/span><\/p>\n<p><span style=\"color: #003366;\"><em>Status: 1. Bauabschnitt abgeschlossen, 2. Bauabschnitt &#8211; Bauphase<\/em><\/span><\/p>\n<p style=\"text-align: justify;\"><span style=\"color: #003366;\"><em>Der Seeauslauf des Darguner Klostsees, der R\u00f6cknitzbach, wurde im 1. Bauabschnitt weiter nach S\u00fcden verlegt,dazu wurde ein bestehendes Gerinne aufegeweitet und befestigt, damit es auch im Hochwasserfall eine bestimmte Wassermenge abf\u00fchren kann. An der Landesstra\u00dfe L 20 endet der 1. BA. Im folgenden wird durch das Stra\u00dfenbauamt ein neues Br\u00fcckenbauwerk entstehen, um die Durchg\u00e4ngigkeit des Gew\u00e4ssers sicherzustellen. Hinter der entstehenden Br\u00fccke\u00a0flussabw\u00e4rts beginnt der 2. Bauabschnitt. Hier teilt sich das Gew\u00e4sser in eine Fischaufstiegsanlage und ein Hochwasserentlastungsgerinne mit regulierbarer Wehranlage. Die Fischaufstiegsanlage f\u00fchrt ca. 400 m durch den denkmalgesch\u00fctzten Schlosspark. Das Gef\u00e4lle von rund 5 m wird durch eine Vielzahl von Beckenp\u00e4ssen abgebaut. Nachdem sich Fischaufstieg und Hochwasserentlastung wieder zu einem Gew\u00e4sser vereint haben, durchflie\u00dft der R\u00f6cknitzbach den revitalisierten Poggenteich. Am Auslauf des Teiches beginnt der 2. Fischaufstieg (Raugerinnebeckenpass) bis unterhalb der M\u00fchlenwegbr\u00fccke.\u00a0<\/em><\/span><\/p>\n<hr \/>\n<p>&nbsp;<\/p>\n<p><span style=\"color: #003366;\"><strong><em>Renaturierung des Dahmer M\u00fchlbaches &#8211; Dahmen\/ Klocksin<\/em><\/strong><\/span><\/p>\n<p><span style=\"color: #003366;\"><strong><em>\u00a0<\/em><\/strong><em>Vorhabenstr\u00e4ger: F\u00f6rderverein Naturpark Mecklenburgische Schweiz und Kummerower See<\/em><\/span><\/p>\n<hr \/>\n<p><strong><span style=\"color: #003366;\">Renaturierung des Burgtalgrabens &#8211; Rothenmoor<\/span><\/strong><\/p>\n<p><span style=\"color: #003366;\"><em>Vorhabenstr\u00e4ger: Freiherr von Maltzahn<\/em><\/span><\/p>\n<hr \/>\n<p><em><span style=\"color: #003366;\"><strong>Renaturierung der Westpeene<\/strong><\/span><\/em><\/p>\n<p><em style=\"color: #003366;\">Vorhabenstr\u00e4ger: F\u00f6rderverein Naturpark Mecklenburgische Schweiz und Kummerower See<\/em><\/p>\n<hr \/>\n<p><strong style=\"color: #003366;\"><em>Renaturierung des Ziddorfer M\u00fchlbaches (vom Malchiner See bis zur Ziddorfer Kl\u00e4ranlage)<\/em><\/strong><\/p>\n<p><em style=\"color: #003366;\">Vorhabenstr\u00e4ger: F\u00f6rderverein Naturpark Mecklenburgische Schweiz und Kummerower See<\/em><\/p>\n<hr \/>\n<p><em><strong><span style=\"color: #003366;\">Renaturierung des Ziddorfer M\u00fchlbachs (von der B 108 bis nach Gro\u00dfen Luckow)<\/span><\/strong><\/em><\/p>\n<p><span style=\"color: #003366;\"><i>Vorhabenstr\u00e4ger: Stra\u00dfenbauamt G\u00fcstrow<\/i><\/span><\/p>\n<p>&nbsp;<\/p>\n","protected":false},"excerpt":{"rendered":"<p>\u00d6kologisch durchg\u00e4ngige Umgestaltung des Ablaufes Klostersee &#8211; Dargun (R\u00f6cknitzbach) \u00a0Vorhabenstr\u00e4ger: Stadt Dargun Status: 1. Bauabschnitt abgeschlossen, 2. Bauabschnitt &#8211; Bauphase Der Seeauslauf des Darguner Klostsees, der R\u00f6cknitzbach, wurde im 1. Bauabschnitt weiter nach S\u00fcden verlegt,dazu wurde ein bestehendes Gerinne aufegeweitet und befestigt, damit es auch im Hochwasserfall eine bestimmte Wassermenge abf\u00fchren kann. An der Landesstra\u00dfe [&hellip;]<\/p>\n","protected":false},"author":2,"featured_media":0,"parent":0,"menu_order":0,"comment_status":"closed","ping_status":"closed","template":"","meta":{"_acf_changed":false,"footnotes":""},"acf":[],"_links":{"self":[{"href":"https:\/\/wbv-obere-peene.wbv-mv.de\/index.php?rest_route=\/wp\/v2\/pages\/417"}],"collection":[{"href":"https:\/\/wbv-obere-peene.wbv-mv.de\/index.php?rest_route=\/wp\/v2\/pages"}],"about":[{"href":"https:\/\/wbv-obere-peene.wbv-mv.de\/index.php?rest_route=\/wp\/v2\/types\/page"}],"author":[{"embeddable":true,"href":"https:\/\/wbv-obere-peene.wbv-mv.de\/index.php?rest_route=\/wp\/v2\/users\/2"}],"replies":[{"embeddable":true,"href":"https:\/\/wbv-obere-peene.wbv-mv.de\/index.php?rest_route=%2Fwp%2Fv2%2Fcomments&post=417"}],"version-history":[{"count":15,"href":"https:\/\/wbv-obere-peene.wbv-mv.de\/index.php?rest_route=\/wp\/v2\/pages\/417\/revisions"}],"predecessor-version":[{"id":597,"href":"https:\/\/wbv-obere-peene.wbv-mv.de\/index.php?rest_route=\/wp\/v2\/pages\/417\/revisions\/597"}],"wp:attachment":[{"href":"https:\/\/wbv-obere-peene.wbv-mv.de\/index.php?rest_route=%2Fwp%2Fv2%2Fmedia&parent=417"}],"curies":[{"name":"wp","href":"https:\/\/api.w.org\/{rel}","templated":true}]}}