{"id":364,"date":"2014-05-05T13:39:56","date_gmt":"2014-05-05T11:39:56","guid":{"rendered":"http:\/\/wbv-obere-peene.wbv-mv.de\/?page_id=364"},"modified":"2018-05-04T08:49:02","modified_gmt":"2018-05-04T06:49:02","slug":"verbandsgebiet","status":"publish","type":"page","link":"https:\/\/wbv-obere-peene.wbv-mv.de\/?page_id=364","title":{"rendered":"Verbandsgebiet"},"content":{"rendered":"<p><a href=\"http:\/\/wbv-obere-peene.wbv-mv.de\/wp-content\/uploads\/2014\/05\/%C3%9Cbersichtskarte.pdf\"><img loading=\"lazy\" decoding=\"async\" class=\"alignnone wp-image-632 \" src=\"http:\/\/wbv-obere-peene.wbv-mv.de\/wp-content\/uploads\/2014\/05\/Uebersichtskarte-527x600.jpg\" alt=\"Uebersichtskarte\" width=\"294\" height=\"335\" srcset=\"https:\/\/wbv-obere-peene.wbv-mv.de\/wp-content\/uploads\/2014\/05\/Uebersichtskarte-527x600.jpg 527w, https:\/\/wbv-obere-peene.wbv-mv.de\/wp-content\/uploads\/2014\/05\/Uebersichtskarte.jpg 547w\" sizes=\"(max-width: 294px) 100vw, 294px\" \/><\/a><\/p>\n<h3><span style=\"text-decoration: underline;\"><span style=\"color: #003366; text-decoration: underline;\">Gew\u00e4sserkarten:<\/span><\/span><\/h3>\n<p><a href=\"http:\/\/wbv-obere-peene.wbv-mv.de\/wp-content\/uploads\/2018\/05\/SB1.pdf\">Schaubereich 1<\/a>\u00a0(Dargun, Darbein, Zarnekow, Damm)<\/p>\n<p><a href=\"http:\/\/wbv-obere-peene.wbv-mv.de\/wp-content\/uploads\/2018\/05\/SB2.pdf\">Schaubereich 2<\/a>\u00a0(Neukalen, Schlakendorf, Schwarzenhof, Wagun)<\/p>\n<p><a href=\"http:\/\/wbv-obere-peene.wbv-mv.de\/wp-content\/uploads\/2018\/05\/SB3.pdf\">Schaubereich 3<\/a>\u00a0(Remplin, Salem, Gorschendorf, Pisede, teilweise Malchin)<\/p>\n<p><a href=\"http:\/\/wbv-obere-peene.wbv-mv.de\/wp-content\/uploads\/2018\/05\/SB4.pdf\">Schaubereich 4<\/a>\u00a0(Basedow, Gielow, Duckow, teilweise Malchin)<\/p>\n<p>Schaubereich 5\u00a0(Scharpzow, K\u00f6lpin, W\u00fcstgrabow, Leuschentin, Kummerow, teilweise Malchin, Verchen, Meesiger, Sommersdorf, Borrentin, Kentzlin, Grammmentin)<\/p>\n<p><a href=\"http:\/\/wbv-obere-peene.wbv-mv.de\/wp-content\/uploads\/2018\/05\/SB5_N.pdf\">Schaubereich 5 (N\u00f6rdlicher Teil)<\/a><\/p>\n<p><a href=\"http:\/\/wbv-obere-peene.wbv-mv.de\/wp-content\/uploads\/2018\/05\/SB5_S.pdf\">Schaubereich 5 (S\u00fcdlicher Teil)<\/a><\/p>\n<p><a href=\"http:\/\/wbv-obere-peene.wbv-mv.de\/wp-content\/uploads\/2018\/05\/SB6.pdf\">Schaubereich 6<\/a>\u00a0(Pinnow, G\u00fclzow, R\u00fctzenfelde, Rottmannshagen, Zettemin, Carlsruhe, J\u00fcrgenstorf, Vo\u00dfhagen)<\/p>\n<p><a href=\"http:\/\/wbv-obere-peene.wbv-mv.de\/wp-content\/uploads\/2018\/05\/SB7.pdf\">Schaubereich 7<\/a>\u00a0(Ritzerow, Krummsee, Briggow, S\u00fclten, Bredenfelde, Luplow, Schwandt, Tarnow, teilw. Rosenow, Vo\u00dffeld, Kittendorf, Clausdorf, Mittelhof, Oevelg\u00fcnde)<\/p>\n<p><a href=\"http:\/\/wbv-obere-peene.wbv-mv.de\/wp-content\/uploads\/2018\/05\/SB8.pdf\">Schaubereich 8<\/a>\u00a0(Sorgenlos, Deven, Varchentin, Carolinenhof, Gro\u00df Varchow, Lehsten, Kraase, Rockow)<\/p>\n<p><a href=\"http:\/\/wbv-obere-peene.wbv-mv.de\/wp-content\/uploads\/2018\/05\/SB9.pdf\">Schaubereich 9<\/a>\u00a0(Klein und Gro\u00df Plasten, Gro\u00df Dratow, Schwastorf, Kargow, Alt und Neu Schloen, Torgelow, Schmachthagen, R\u00fcgeband, Klein Gievitz, Minenhof)<\/p>\n<p>Schaubereich 10\u00a0(Gro\u00df Gievitz, Lansen, Alt und Neu Sch\u00f6nau, Alt Falkenhagen, Schwarzenhof, Rittermannshagen, Christinenhof, Hinrichsfelde, Demzin, Faulenrost, Schwabendorf, Hungerstorf)<\/p>\n<p><a href=\"http:\/\/wbv-obere-peene.wbv-mv.de\/wp-content\/uploads\/2018\/05\/SB10_N.pdf\">Schaubereich 10 (N\u00f6rdlicher Teil)<\/a><\/p>\n<p><a href=\"http:\/\/wbv-obere-peene.wbv-mv.de\/wp-content\/uploads\/2018\/05\/SB10_S.pdf\">Schaubereich 10 (S\u00fcdlicher Teil)<\/a><\/p>\n<p><a href=\"http:\/\/wbv-obere-peene.wbv-mv.de\/wp-content\/uploads\/2018\/05\/SB11.pdf\">Schaubereich 11<\/a>\u00a0(Rothenmoor,teilw. \u00a0Rambow, Ulrichshusen, Tressow, Hinrichshagen, Levenstorf, Marxhagen, Lupendorf, Schwinkendorf, Langwitz)<\/p>\n<p><a href=\"http:\/\/wbv-obere-peene.wbv-mv.de\/wp-content\/uploads\/2018\/05\/SB12.pdf\">Schaubereich 12<\/a> (Dahmen, teilw. Rambow, Moltzow, Klocksin, Bl\u00fccherhof, Gro\u00df und Klein Rehberg, Vollrathsruhe, Kirch Grubenhagen)<\/p>\n<p>Schaubereich 13\u00a0(Ziddorf, Gro\u00dfen Luckow, Barz, Klein Luckow, Schlo\u00df Grubenhagen, Hallilit, Liepen, Hohen Wangelin, Klein und Gro\u00df B\u00e4belin, Hohen Demzin, Schorssow)<\/p>\n<p><a href=\"http:\/\/wbv-obere-peene.wbv-mv.de\/wp-content\/uploads\/2018\/05\/SB13_N.pdf\">Schaubereich 13 (N\u00f6rdlicher Teil)<\/a><\/p>\n<p><a href=\"http:\/\/wbv-obere-peene.wbv-mv.de\/wp-content\/uploads\/2018\/05\/SB13_S.pdf\">Schaubereich 13 (S\u00fcdlicher Teil)<\/a><\/p>\n<p>&nbsp;<\/p>\n<p>&nbsp;<\/p>\n","protected":false},"excerpt":{"rendered":"<p>Gew\u00e4sserkarten: Schaubereich 1\u00a0(Dargun, Darbein, Zarnekow, Damm) Schaubereich 2\u00a0(Neukalen, Schlakendorf, Schwarzenhof, Wagun) Schaubereich 3\u00a0(Remplin, Salem, Gorschendorf, Pisede, teilweise Malchin) Schaubereich 4\u00a0(Basedow, Gielow, Duckow, teilweise Malchin) Schaubereich 5\u00a0(Scharpzow, K\u00f6lpin, W\u00fcstgrabow, Leuschentin, Kummerow, teilweise Malchin, Verchen, Meesiger, Sommersdorf, Borrentin, Kentzlin, Grammmentin) Schaubereich 5 (N\u00f6rdlicher Teil) Schaubereich 5 (S\u00fcdlicher Teil) Schaubereich 6\u00a0(Pinnow, G\u00fclzow, R\u00fctzenfelde, Rottmannshagen, Zettemin, Carlsruhe, J\u00fcrgenstorf, Vo\u00dfhagen) [&hellip;]<\/p>\n","protected":false},"author":2,"featured_media":0,"parent":0,"menu_order":0,"comment_status":"closed","ping_status":"closed","template":"","meta":{"_acf_changed":false,"footnotes":""},"acf":[],"_links":{"self":[{"href":"https:\/\/wbv-obere-peene.wbv-mv.de\/index.php?rest_route=\/wp\/v2\/pages\/364"}],"collection":[{"href":"https:\/\/wbv-obere-peene.wbv-mv.de\/index.php?rest_route=\/wp\/v2\/pages"}],"about":[{"href":"https:\/\/wbv-obere-peene.wbv-mv.de\/index.php?rest_route=\/wp\/v2\/types\/page"}],"author":[{"embeddable":true,"href":"https:\/\/wbv-obere-peene.wbv-mv.de\/index.php?rest_route=\/wp\/v2\/users\/2"}],"replies":[{"embeddable":true,"href":"https:\/\/wbv-obere-peene.wbv-mv.de\/index.php?rest_route=%2Fwp%2Fv2%2Fcomments&post=364"}],"version-history":[{"count":36,"href":"https:\/\/wbv-obere-peene.wbv-mv.de\/index.php?rest_route=\/wp\/v2\/pages\/364\/revisions"}],"predecessor-version":[{"id":843,"href":"https:\/\/wbv-obere-peene.wbv-mv.de\/index.php?rest_route=\/wp\/v2\/pages\/364\/revisions\/843"}],"wp:attachment":[{"href":"https:\/\/wbv-obere-peene.wbv-mv.de\/index.php?rest_route=%2Fwp%2Fv2%2Fmedia&parent=364"}],"curies":[{"name":"wp","href":"https:\/\/api.w.org\/{rel}","templated":true}]}}