{"id":361,"date":"2014-05-05T13:38:21","date_gmt":"2014-05-05T11:38:21","guid":{"rendered":"http:\/\/wbv-obere-peene.wbv-mv.de\/?page_id=361"},"modified":"2025-10-29T13:43:30","modified_gmt":"2025-10-29T11:43:30","slug":"mitarbeiter","status":"publish","type":"page","link":"https:\/\/wbv-obere-peene.wbv-mv.de\/?page_id=361","title":{"rendered":"Mitarbeiter"},"content":{"rendered":"<h4><span style=\"color: #003366;\">Verbandsgesch\u00e4ftsf\u00fchrerin<\/span><\/h4>\n<p><span style=\"color: #003366;\">Anke Tiefmann<\/span><\/p>\n<h4><span style=\"color: #003366;\">Verbandsingenieurin<img loading=\"lazy\" decoding=\"async\" class=\"wp-image-369 alignright\" src=\"http:\/\/wbv-obere-peene.wbv-mv.de\/wp-content\/uploads\/2014\/05\/DSCN1099-600x450.jpg\" alt=\"DSCN1099\" width=\"426\" height=\"320\" srcset=\"https:\/\/wbv-obere-peene.wbv-mv.de\/wp-content\/uploads\/2014\/05\/DSCN1099-600x450.jpg 600w, https:\/\/wbv-obere-peene.wbv-mv.de\/wp-content\/uploads\/2014\/05\/DSCN1099.jpg 1900w\" sizes=\"(max-width: 426px) 100vw, 426px\" \/><\/span><\/h4>\n<p><span style=\"color: #003366;\">Katja Schulz<\/span><\/p>\n<h4><span style=\"color: #003366;\">Verbandskaufmann<\/span><\/h4>\n<p><span style=\"color: #003366;\">J\u00f6rg Schoknecht<\/span><\/p>\n<h4><span style=\"color: #003366;\">Verbandstechniker<\/span><\/h4>\n<p><span style=\"color: #003366;\">zzt. unbesetzt<\/span><\/p>\n<h4><span style=\"color: #003366;\">SB Digitalisierung<\/span><\/h4>\n<p><span style=\"color: #003366;\">Mike Themann<\/span><\/p>\n<h4><span style=\"color: #003366;\">Verbandsarbeiter<\/span><\/h4>\n<p><span style=\"color: #003366;\">Bernhard Kalies<\/span><\/p>\n<p><span style=\"color: #003366;\">J\u00f6rn Albrecht-Matthei<\/span><\/p>\n<p><span style=\"color: #003366;\">Sten Beier<\/span><\/p>\n<p><span style=\"color: #003366;\">Sebastian Kummerow<\/span><\/p>\n<h4><span style=\"color: #003366;\">SB Moorschutz<\/span><\/h4>\n<p><span style=\"color: #003366;\">Annemarie Winkel<\/span><\/p>\n","protected":false},"excerpt":{"rendered":"<p>Verbandsgesch\u00e4ftsf\u00fchrerin Anke Tiefmann Verbandsingenieurin Katja Schulz Verbandskaufmann J\u00f6rg Schoknecht Verbandstechniker zzt. unbesetzt SB Digitalisierung Mike Themann Verbandsarbeiter Bernhard Kalies J\u00f6rn Albrecht-Matthei Sten Beier Sebastian Kummerow SB Moorschutz Annemarie Winkel<\/p>\n","protected":false},"author":2,"featured_media":0,"parent":0,"menu_order":0,"comment_status":"closed","ping_status":"closed","template":"","meta":{"_acf_changed":false,"footnotes":""},"acf":[],"_links":{"self":[{"href":"https:\/\/wbv-obere-peene.wbv-mv.de\/index.php?rest_route=\/wp\/v2\/pages\/361"}],"collection":[{"href":"https:\/\/wbv-obere-peene.wbv-mv.de\/index.php?rest_route=\/wp\/v2\/pages"}],"about":[{"href":"https:\/\/wbv-obere-peene.wbv-mv.de\/index.php?rest_route=\/wp\/v2\/types\/page"}],"author":[{"embeddable":true,"href":"https:\/\/wbv-obere-peene.wbv-mv.de\/index.php?rest_route=\/wp\/v2\/users\/2"}],"replies":[{"embeddable":true,"href":"https:\/\/wbv-obere-peene.wbv-mv.de\/index.php?rest_route=%2Fwp%2Fv2%2Fcomments&post=361"}],"version-history":[{"count":13,"href":"https:\/\/wbv-obere-peene.wbv-mv.de\/index.php?rest_route=\/wp\/v2\/pages\/361\/revisions"}],"predecessor-version":[{"id":1082,"href":"https:\/\/wbv-obere-peene.wbv-mv.de\/index.php?rest_route=\/wp\/v2\/pages\/361\/revisions\/1082"}],"wp:attachment":[{"href":"https:\/\/wbv-obere-peene.wbv-mv.de\/index.php?rest_route=%2Fwp%2Fv2%2Fmedia&parent=361"}],"curies":[{"name":"wp","href":"https:\/\/api.w.org\/{rel}","templated":true}]}}