{"id":341,"date":"2014-05-05T12:56:08","date_gmt":"2014-05-05T10:56:08","guid":{"rendered":"http:\/\/wbv-obere-peene.wbv-mv.de\/?page_id=341"},"modified":"2025-01-20T14:10:29","modified_gmt":"2025-01-20T12:10:29","slug":"dokumente-2","status":"publish","type":"page","link":"https:\/\/wbv-obere-peene.wbv-mv.de\/?page_id=341","title":{"rendered":"Dokumente und Antr\u00e4ge"},"content":{"rendered":"<p><a href=\"http:\/\/wbv-obere-peene.wbv-mv.de\/wp-content\/uploads\/2015\/09\/Satzung.pdf\">Satzung<\/a><\/p>\n<p><a href=\"http:\/\/wbv-obere-peene.wbv-mv.de\/wp-content\/uploads\/2014\/05\/1-\u00c4nderung-komplett.pdf\">1. Satzungs\u00e4nderung<\/a><\/p>\n<p><a href=\"http:\/\/wbv-obere-peene.wbv-mv.de\/wp-content\/uploads\/2018\/02\/2.-Satzungs\u00e4nderung.pdf\">2. Satzungs\u00e4nderung<\/a><\/p>\n<p><a href=\"https:\/\/wbv-obere-peene.wbv-mv.de\/wp-content\/uploads\/2021\/11\/3.-Satzungs\u00e4nderung.pdf\">3. Satzungs\u00e4nderung<\/a><\/p>\n<p><a href=\"https:\/\/wbv-obere-peene.wbv-mv.de\/wp-content\/uploads\/2025\/01\/4.Satzungsaenderung.pdf\">4. Satzungs\u00e4nderung<\/a><\/p>\n<p><a href=\"https:\/\/wbv-obere-peene.wbv-mv.de\/wp-content\/uploads\/2025\/01\/4.Satzungsaenderung-Anlage1.pdf\">4. Satzungs\u00e4nderung Anlage 1<\/a><\/p>\n<p><a href=\"http:\/\/wbv-obere-peene.wbv-mv.de\/wp-content\/uploads\/2014\/04\/WVG-1991_Stand-2002.pdf\">Wasserverbandsgesetz<\/a><\/p>\n<p><a href=\"http:\/\/wbv-obere-peene.wbv-mv.de\/wp-content\/uploads\/2014\/04\/WHG-2009_Stand-2013.pdf\">Wasserhaushaltsgesetz<\/a><\/p>\n<p><a href=\"http:\/\/wbv-obere-peene.wbv-mv.de\/wp-content\/uploads\/2014\/04\/GUVG.pdf\">Gesetz \u00fcber die Bildung von Gew\u00e4sserunterhaltungsverb\u00e4nden<\/a><\/p>\n<p><a href=\"http:\/\/wbv-obere-peene.wbv-mv.de\/wp-content\/uploads\/2014\/04\/WHG-2009_Stand-2013.pdf\"><img loading=\"lazy\" decoding=\"async\" class=\"wp-image-296 alignright\" src=\"http:\/\/wbv-obere-peene.wbv-mv.de\/wp-content\/uploads\/2014\/04\/mai2007-043-600x450.jpg\" alt=\"KONICA MINOLTA DIGITAL CAMERA\" width=\"394\" height=\"295\" srcset=\"https:\/\/wbv-obere-peene.wbv-mv.de\/wp-content\/uploads\/2014\/04\/mai2007-043-600x450.jpg 600w, https:\/\/wbv-obere-peene.wbv-mv.de\/wp-content\/uploads\/2014\/04\/mai2007-043.jpg 2048w\" sizes=\"(max-width: 394px) 100vw, 394px\" \/><\/a><\/p>\n<p><a href=\"http:\/\/wbv-obere-peene.wbv-mv.de\/wp-content\/uploads\/2014\/04\/LWaG-MV.pdf\">Landeswassergesetz M-V<\/a><\/p>\n","protected":false},"excerpt":{"rendered":"<p>Satzung 1. Satzungs\u00e4nderung 2. Satzungs\u00e4nderung 3. Satzungs\u00e4nderung 4. Satzungs\u00e4nderung 4. Satzungs\u00e4nderung Anlage 1 Wasserverbandsgesetz Wasserhaushaltsgesetz Gesetz \u00fcber die Bildung von Gew\u00e4sserunterhaltungsverb\u00e4nden Landeswassergesetz M-V<\/p>\n","protected":false},"author":2,"featured_media":0,"parent":0,"menu_order":0,"comment_status":"closed","ping_status":"closed","template":"","meta":{"_acf_changed":false,"footnotes":""},"acf":[],"_links":{"self":[{"href":"https:\/\/wbv-obere-peene.wbv-mv.de\/index.php?rest_route=\/wp\/v2\/pages\/341"}],"collection":[{"href":"https:\/\/wbv-obere-peene.wbv-mv.de\/index.php?rest_route=\/wp\/v2\/pages"}],"about":[{"href":"https:\/\/wbv-obere-peene.wbv-mv.de\/index.php?rest_route=\/wp\/v2\/types\/page"}],"author":[{"embeddable":true,"href":"https:\/\/wbv-obere-peene.wbv-mv.de\/index.php?rest_route=\/wp\/v2\/users\/2"}],"replies":[{"embeddable":true,"href":"https:\/\/wbv-obere-peene.wbv-mv.de\/index.php?rest_route=%2Fwp%2Fv2%2Fcomments&post=341"}],"version-history":[{"count":18,"href":"https:\/\/wbv-obere-peene.wbv-mv.de\/index.php?rest_route=\/wp\/v2\/pages\/341\/revisions"}],"predecessor-version":[{"id":1060,"href":"https:\/\/wbv-obere-peene.wbv-mv.de\/index.php?rest_route=\/wp\/v2\/pages\/341\/revisions\/1060"}],"wp:attachment":[{"href":"https:\/\/wbv-obere-peene.wbv-mv.de\/index.php?rest_route=%2Fwp%2Fv2%2Fmedia&parent=341"}],"curies":[{"name":"wp","href":"https:\/\/api.w.org\/{rel}","templated":true}]}}