{"id":339,"date":"2014-05-05T13:10:19","date_gmt":"2014-05-05T11:10:19","guid":{"rendered":"http:\/\/wbv-obere-peene.wbv-mv.de\/?page_id=339"},"modified":"2022-04-07T13:26:56","modified_gmt":"2022-04-07T11:26:56","slug":"gewaesser-und-anlagenbestand","status":"publish","type":"page","link":"https:\/\/wbv-obere-peene.wbv-mv.de\/?page_id=339","title":{"rendered":"Gew\u00e4sser- und Anlagenbestand"},"content":{"rendered":"<p>Gr\u00f6\u00dfe des Verbandsgebietes 95.170 ha<\/p>\n<p>Flie\u00dfgew\u00e4sserl\u00e4nge ges. 1.498 km<\/p>\n<p style=\"padding-left: 30px;\">offene Flie\u00dfgew\u00e4sser 1005 km<img loading=\"lazy\" decoding=\"async\" class=\"wp-image-497 alignright\" src=\"http:\/\/wbv-obere-peene.wbv-mv.de\/wp-content\/uploads\/2014\/05\/2012_juni-011-600x450.jpg\" alt=\"KONICA MINOLTA DIGITAL CAMERA\" width=\"404\" height=\"304\" srcset=\"https:\/\/wbv-obere-peene.wbv-mv.de\/wp-content\/uploads\/2014\/05\/2012_juni-011-600x450.jpg 600w, https:\/\/wbv-obere-peene.wbv-mv.de\/wp-content\/uploads\/2014\/05\/2012_juni-011.jpg 1500w\" sizes=\"(max-width: 404px) 100vw, 404px\" \/><\/p>\n<p style=\"padding-left: 30px;\">verrohrte Flie\u00dfgew\u00e4sser 493 km<\/p>\n<p>Staue\/ Wehre 198<\/p>\n<p>Deichl\u00e4nge 24 km (Vorteilsfl\u00e4che ges. 1596 ha)<\/p>\n<p>Sch\u00f6pfwerke 4 (Vorteilsfl\u00e4che ges. 1596 ha)<\/p>\n<p>&nbsp;<\/p>\n<p>&nbsp;<\/p>\n","protected":false},"excerpt":{"rendered":"<p>Gr\u00f6\u00dfe des Verbandsgebietes 95.170 ha Flie\u00dfgew\u00e4sserl\u00e4nge ges. 1.498 km offene Flie\u00dfgew\u00e4sser 1005 km verrohrte Flie\u00dfgew\u00e4sser 493 km Staue\/ Wehre 198 Deichl\u00e4nge 24 km (Vorteilsfl\u00e4che ges. 1596 ha) Sch\u00f6pfwerke 4 (Vorteilsfl\u00e4che ges. 1596 ha) &nbsp; &nbsp;<\/p>\n","protected":false},"author":2,"featured_media":0,"parent":0,"menu_order":0,"comment_status":"closed","ping_status":"closed","template":"","meta":{"_acf_changed":false,"footnotes":""},"acf":[],"_links":{"self":[{"href":"https:\/\/wbv-obere-peene.wbv-mv.de\/index.php?rest_route=\/wp\/v2\/pages\/339"}],"collection":[{"href":"https:\/\/wbv-obere-peene.wbv-mv.de\/index.php?rest_route=\/wp\/v2\/pages"}],"about":[{"href":"https:\/\/wbv-obere-peene.wbv-mv.de\/index.php?rest_route=\/wp\/v2\/types\/page"}],"author":[{"embeddable":true,"href":"https:\/\/wbv-obere-peene.wbv-mv.de\/index.php?rest_route=\/wp\/v2\/users\/2"}],"replies":[{"embeddable":true,"href":"https:\/\/wbv-obere-peene.wbv-mv.de\/index.php?rest_route=%2Fwp%2Fv2%2Fcomments&post=339"}],"version-history":[{"count":11,"href":"https:\/\/wbv-obere-peene.wbv-mv.de\/index.php?rest_route=\/wp\/v2\/pages\/339\/revisions"}],"predecessor-version":[{"id":950,"href":"https:\/\/wbv-obere-peene.wbv-mv.de\/index.php?rest_route=\/wp\/v2\/pages\/339\/revisions\/950"}],"wp:attachment":[{"href":"https:\/\/wbv-obere-peene.wbv-mv.de\/index.php?rest_route=%2Fwp%2Fv2%2Fmedia&parent=339"}],"curies":[{"name":"wp","href":"https:\/\/api.w.org\/{rel}","templated":true}]}}