{"id":318,"date":"2014-04-22T10:06:00","date_gmt":"2014-04-22T08:06:00","guid":{"rendered":"http:\/\/wbv-obere-peene.wbv-mv.de\/?page_id=318"},"modified":"2025-06-27T10:44:47","modified_gmt":"2025-06-27T08:44:47","slug":"laufende-projekte","status":"publish","type":"page","link":"https:\/\/wbv-obere-peene.wbv-mv.de\/?page_id=318","title":{"rendered":"Aktuelle Projekte"},"content":{"rendered":"<p><span style=\"color: #003366;\"><b><i>Herstellung der \u00f6kologischen Durchg\u00e4ngigkeit des <\/i><\/b><b><i>Ziddorfer<\/i><\/b><b><i> M\u00fchlbachs (OPEE 3300_M18) am Stra\u00dfendurchlass in <\/i><\/b><b><i>Schlo\u00df<\/i><\/b> <b><i>Grubenhagen<\/i><\/b><\/span><\/p>\n<p><img loading=\"lazy\" decoding=\"async\" class=\"alignnone size-medium wp-image-1063\" src=\"https:\/\/wbv-obere-peene.wbv-mv.de\/wp-content\/uploads\/2025\/06\/EU_Tafel-600x338.jpg\" alt=\"\" width=\"600\" height=\"338\" srcset=\"https:\/\/wbv-obere-peene.wbv-mv.de\/wp-content\/uploads\/2025\/06\/EU_Tafel-600x338.jpg 600w, https:\/\/wbv-obere-peene.wbv-mv.de\/wp-content\/uploads\/2025\/06\/EU_Tafel-768x432.jpg 768w, https:\/\/wbv-obere-peene.wbv-mv.de\/wp-content\/uploads\/2025\/06\/EU_Tafel.jpg 1280w\" sizes=\"(max-width: 600px) 100vw, 600px\" \/><\/p>\n<p>Aus einer vorangegangenen Machbarkeitsstudie wurde das Projekt weiterentwickelt und umgesetzt. Planung: IPROconsult Berlin; Bauausf\u00fchrung: Schmitz Erd- &amp; Landschaftsbau GmbH Borrentin<\/p>\n<hr \/>\n<p><span style=\"color: #003366;\"><em><strong>Konzeptionelle Ma\u00dfnahmen\/ Studie zur Ermittlung des fachlichen Potenzials der bestimmenden Randbedingungen zur \u00d6ffnung von Rohrleitungen als regionaler Beitrag zur Umsetzung der WRRL<\/strong><\/em><\/span><\/p>\n<p><img loading=\"lazy\" decoding=\"async\" class=\"alignnone size-medium wp-image-977\" src=\"https:\/\/wbv-obere-peene.wbv-mv.de\/wp-content\/uploads\/2022\/11\/EU_Tafel-600x338.jpg\" alt=\"\" width=\"600\" height=\"338\" srcset=\"https:\/\/wbv-obere-peene.wbv-mv.de\/wp-content\/uploads\/2022\/11\/EU_Tafel-600x338.jpg 600w, https:\/\/wbv-obere-peene.wbv-mv.de\/wp-content\/uploads\/2022\/11\/EU_Tafel-768x432.jpg 768w, https:\/\/wbv-obere-peene.wbv-mv.de\/wp-content\/uploads\/2022\/11\/EU_Tafel.jpg 1280w\" sizes=\"(max-width: 600px) 100vw, 600px\" \/><\/p>\n<p>Das Konzept dient dem Ziel einer wasserhaushaltsgerechten und nutzungsorientierten Be- und Entw\u00e4sserung in der Fl\u00e4che unter Ber\u00fccksichtigung des Potenzials der \u00d6ffnung von Rohrleitungen und der Optimierung der Steuerung der kulturbaulichen Anlagen unter Beachtung jahreszeitlicher und witterungsrelevanter Bedingungen.<\/p>\n<p>Den Auftrag erhielt nach Rahmenvertrag des Landes M-V f\u00fcr Konzeptionelle Projekte (WasserF\u00d6RL Pkt: 2.9.): Institut biota<\/p>\n<hr \/>\n<p><span style=\"color: #003366;\"><em><strong>Naturnahe Umgestaltung Glasower Bach<\/strong><\/em><\/span><\/p>\n<p><img loading=\"lazy\" decoding=\"async\" class=\"alignnone size-medium wp-image-912\" src=\"https:\/\/wbv-obere-peene.wbv-mv.de\/wp-content\/uploads\/2020\/10\/EU_Tafel-Glasower-Bach-600x338.jpg\" alt=\"\" width=\"600\" height=\"338\" srcset=\"https:\/\/wbv-obere-peene.wbv-mv.de\/wp-content\/uploads\/2020\/10\/EU_Tafel-Glasower-Bach-600x338.jpg 600w, https:\/\/wbv-obere-peene.wbv-mv.de\/wp-content\/uploads\/2020\/10\/EU_Tafel-Glasower-Bach-768x432.jpg 768w, https:\/\/wbv-obere-peene.wbv-mv.de\/wp-content\/uploads\/2020\/10\/EU_Tafel-Glasower-Bach.jpg 1280w\" sizes=\"(max-width: 600px) 100vw, 600px\" \/><\/p>\n<p>Aus der vorgehenden Machbarkeitsstudie zur Umgestaltung des R\u00f6cknitzbaches einschlie\u00dflich des Glasower Baches wird die Naturnahe Umgestaltung des Glasower Baches umgesetzt.<\/p>\n<p>Den Auftrag f\u00fcr die Umsetzung erhielt nach Verhandlungsvergabe o. Teilnahmewettbewerb (UVgO):<\/p>\n<p>Natura et Cultura<\/p>\n<p>Zum Gutshof 4<\/p>\n<p>18059 P\u00f6lchow<\/p>\n<hr \/>\n","protected":false},"excerpt":{"rendered":"<p>Herstellung der \u00f6kologischen Durchg\u00e4ngigkeit des Ziddorfer M\u00fchlbachs (OPEE 3300_M18) am Stra\u00dfendurchlass in Schlo\u00df Grubenhagen Aus einer vorangegangenen Machbarkeitsstudie wurde das Projekt weiterentwickelt und umgesetzt. Planung: IPROconsult Berlin; Bauausf\u00fchrung: Schmitz Erd- &amp; Landschaftsbau GmbH Borrentin Konzeptionelle Ma\u00dfnahmen\/ Studie zur Ermittlung des fachlichen Potenzials der bestimmenden Randbedingungen zur \u00d6ffnung von Rohrleitungen als regionaler Beitrag zur Umsetzung der [&hellip;]<\/p>\n","protected":false},"author":2,"featured_media":0,"parent":0,"menu_order":0,"comment_status":"closed","ping_status":"closed","template":"","meta":{"_acf_changed":false,"footnotes":""},"acf":[],"_links":{"self":[{"href":"https:\/\/wbv-obere-peene.wbv-mv.de\/index.php?rest_route=\/wp\/v2\/pages\/318"}],"collection":[{"href":"https:\/\/wbv-obere-peene.wbv-mv.de\/index.php?rest_route=\/wp\/v2\/pages"}],"about":[{"href":"https:\/\/wbv-obere-peene.wbv-mv.de\/index.php?rest_route=\/wp\/v2\/types\/page"}],"author":[{"embeddable":true,"href":"https:\/\/wbv-obere-peene.wbv-mv.de\/index.php?rest_route=\/wp\/v2\/users\/2"}],"replies":[{"embeddable":true,"href":"https:\/\/wbv-obere-peene.wbv-mv.de\/index.php?rest_route=%2Fwp%2Fv2%2Fcomments&post=318"}],"version-history":[{"count":28,"href":"https:\/\/wbv-obere-peene.wbv-mv.de\/index.php?rest_route=\/wp\/v2\/pages\/318\/revisions"}],"predecessor-version":[{"id":1064,"href":"https:\/\/wbv-obere-peene.wbv-mv.de\/index.php?rest_route=\/wp\/v2\/pages\/318\/revisions\/1064"}],"wp:attachment":[{"href":"https:\/\/wbv-obere-peene.wbv-mv.de\/index.php?rest_route=%2Fwp%2Fv2%2Fmedia&parent=318"}],"curies":[{"name":"wp","href":"https:\/\/api.w.org\/{rel}","templated":true}]}}