{"id":266,"date":"2014-04-18T19:08:50","date_gmt":"2014-04-18T17:08:50","guid":{"rendered":"http:\/\/wbv-obere-peene.wbv-mv.de\/?page_id=266"},"modified":"2025-10-30T09:17:12","modified_gmt":"2025-10-30T07:17:12","slug":"aktuelles-2","status":"publish","type":"page","link":"https:\/\/wbv-obere-peene.wbv-mv.de\/?page_id=266","title":{"rendered":"Aktuelles"},"content":{"rendered":"<h3 style=\"text-align: right;\"><span style=\"color: #000080;\"><a style=\"color: #000080;\" href=\"https:\/\/wbv-obere-peene.wbv-mv.de\/?page_id=895\">Stellenausschreibung<\/a><\/span><\/h3>\n<h3 style=\"text-align: right;\"><span style=\"color: #000080;\"><a style=\"color: #000080;\" href=\"https:\/\/wbv-obere-peene.wbv-mv.de\/?page_id=708\">Bekanntmachungen<\/a> <\/span><\/h3>\n<h3 style=\"text-align: right;\"><span style=\"color: #800000;\"><a style=\"color: #800000;\" href=\"https:\/\/wbv-obere-peene.wbv-mv.de\/?page_id=509\">Gew\u00e4sserschau 2025<\/a><\/span><\/h3>\n<h3 style=\"text-align: right;\"><a style=\"color: #000080;\" title=\"Gew\u00e4sserunterhaltung\" href=\"http:\/\/wbv-obere-peene.wbv-mv.de\/?page_id=276\">Gew\u00e4sserunterhaltung<\/a><\/h3>\n<h3 style=\"text-align: right;\"><span style=\"color: #000080;\"><a style=\"color: #000080;\" title=\"Sch\u00f6pfwerke und Deiche\" href=\"http:\/\/wbv-obere-peene.wbv-mv.de\/?page_id=291\">Sch\u00f6pfwerke und Deiche<\/a><\/span><\/h3>\n<p><a href=\"http:\/\/wbv-obere-peene.wbv-mv.de\/wp-content\/uploads\/2014\/04\/2011_sept-140.jpg\"><img loading=\"lazy\" decoding=\"async\" class=\"alignnone wp-image-128\" src=\"http:\/\/wbv-obere-peene.wbv-mv.de\/wp-content\/uploads\/2014\/04\/2011_sept-140.jpg\" alt=\"KONICA MINOLTA DIGITAL CAMERA\" width=\"535\" height=\"402\" \/><\/a><\/p>\n","protected":false},"excerpt":{"rendered":"<p>Stellenausschreibung Bekanntmachungen Gew\u00e4sserschau 2025 Gew\u00e4sserunterhaltung Sch\u00f6pfwerke und Deiche<\/p>\n","protected":false},"author":2,"featured_media":0,"parent":0,"menu_order":0,"comment_status":"closed","ping_status":"closed","template":"","meta":{"_acf_changed":false,"footnotes":""},"acf":[],"_links":{"self":[{"href":"https:\/\/wbv-obere-peene.wbv-mv.de\/index.php?rest_route=\/wp\/v2\/pages\/266"}],"collection":[{"href":"https:\/\/wbv-obere-peene.wbv-mv.de\/index.php?rest_route=\/wp\/v2\/pages"}],"about":[{"href":"https:\/\/wbv-obere-peene.wbv-mv.de\/index.php?rest_route=\/wp\/v2\/types\/page"}],"author":[{"embeddable":true,"href":"https:\/\/wbv-obere-peene.wbv-mv.de\/index.php?rest_route=\/wp\/v2\/users\/2"}],"replies":[{"embeddable":true,"href":"https:\/\/wbv-obere-peene.wbv-mv.de\/index.php?rest_route=%2Fwp%2Fv2%2Fcomments&post=266"}],"version-history":[{"count":18,"href":"https:\/\/wbv-obere-peene.wbv-mv.de\/index.php?rest_route=\/wp\/v2\/pages\/266\/revisions"}],"predecessor-version":[{"id":1086,"href":"https:\/\/wbv-obere-peene.wbv-mv.de\/index.php?rest_route=\/wp\/v2\/pages\/266\/revisions\/1086"}],"wp:attachment":[{"href":"https:\/\/wbv-obere-peene.wbv-mv.de\/index.php?rest_route=%2Fwp%2Fv2%2Fmedia&parent=266"}],"curies":[{"name":"wp","href":"https:\/\/api.w.org\/{rel}","templated":true}]}}