{"id":246,"date":"2014-04-18T19:12:12","date_gmt":"2014-04-18T17:12:12","guid":{"rendered":"http:\/\/wbv-obere-peene.wbv-mv.de\/?page_id=246"},"modified":"2018-05-24T15:28:11","modified_gmt":"2018-05-24T13:28:11","slug":"impressum-2","status":"publish","type":"page","link":"https:\/\/wbv-obere-peene.wbv-mv.de\/?page_id=246","title":{"rendered":"Impressum\/ Datenschutz"},"content":{"rendered":"<p><strong>Angaben gem\u00e4\u00df \u00a7 5 TMG:<\/strong><\/p>\n<p>Anke Tiefmann<br \/>\nWBV \u201cObere Peene\u201d, Neukalen<\/p>\n<p>An der Schlakendorfer Stra\u00dfe 13<br \/>\n17154 Neukalen<\/p>\n<h2>Kontakt:<\/h2>\n<table>\n<tbody>\n<tr>\n<td>Telefon:<\/td>\n<td>+49 (0) 39956 298700<\/td>\n<\/tr>\n<tr>\n<td>Telefax:<\/td>\n<td>+49 (0) 39956 298705<\/td>\n<\/tr>\n<tr>\n<td>E-Mail:<\/td>\n<td><a href=\"mailto:obere-peene@wbv-mv.de\">obere-peene@wbv-mv.de<\/a><\/td>\n<\/tr>\n<\/tbody>\n<\/table>\n<h2>Verantwortlich f\u00fcr den Inhalt nach \u00a7 55 Abs. 2 RStV:<\/h2>\n<p>Anke Tiefmann<br \/>\nWBV \u201cObere Peene\u201d, Neukalen<br \/>\nAn der Schlakendorfer Stra\u00dfe 13<br \/>\n17154 Neukalen<\/p>\n<h2>Quellenangaben f\u00fcr die verwendeten Bilder und Grafiken:<\/h2>\n<p><a href=\"http:\/\/pixabay.com\/de\/\">http:\/\/pixabay.com\/de\/<\/a><\/p>\n<p>&nbsp;<\/p>\n<p>Quelle:\u00a0<i><a href=\"http:\/\/www.e-recht24.de\" rel=\"nofollow\">http:\/\/www.e-recht24.de<\/a><\/i><\/p>\n<hr \/>\n<h3 id=\"disclaimer\">Ihr pers\u00f6nlicher Disclaimer:<\/h3>\n<h1>Haftungsausschluss (Disclaimer)<\/h1>\n<p><strong>Haftung f\u00fcr Inhalte<\/strong><\/p>\n<p>Als Diensteanbieter sind wir gem\u00e4\u00df \u00a7 7 Abs.1 TMG f\u00fcr eigene Inhalte auf diesen Seiten nach den allgemeinen Gesetzen verantwortlich. Nach \u00a7\u00a7 8 bis 10 TMG sind wir als Diensteanbieter jedoch nicht verpflichtet, \u00fcbermittelte oder gespeicherte fremde Informationen zu \u00fcberwachen oder nach Umst\u00e4nden zu forschen, die auf eine rechtswidrige T\u00e4tigkeit hinweisen. Verpflichtungen zur Entfernung oder Sperrung der Nutzung von Informationen nach den allgemeinen Gesetzen bleiben hiervon unber\u00fchrt. Eine diesbez\u00fcgliche Haftung ist jedoch erst ab dem Zeitpunkt der Kenntnis einer konkreten Rechtsverletzung m\u00f6glich. Bei Bekanntwerden von entsprechenden Rechtsverletzungen werden wir diese Inhalte umgehend entfernen.<\/p>\n<p><strong>Haftung f\u00fcr Links<\/strong><\/p>\n<p>Unser Angebot enth\u00e4lt Links zu externen Webseiten Dritter, auf deren Inhalte wir keinen Einfluss haben. Deshalb k\u00f6nnen wir f\u00fcr diese fremden Inhalte auch keine Gew\u00e4hr \u00fcbernehmen. F\u00fcr die Inhalte der verlinkten Seiten ist stets der jeweilige Anbieter oder Betreiber der Seiten verantwortlich. Die verlinkten Seiten wurden zum Zeitpunkt der Verlinkung auf m\u00f6gliche Rechtsverst\u00f6\u00dfe \u00fcberpr\u00fcft. Rechtswidrige Inhalte waren zum Zeitpunkt der Verlinkung nicht erkennbar. Eine permanente inhaltliche Kontrolle der verlinkten Seiten ist jedoch ohne konkrete Anhaltspunkte einer Rechtsverletzung nicht zumutbar. Bei Bekanntwerden von Rechtsverletzungen werden wir derartige Links umgehend entfernen.<\/p>\n<p><strong>Urheberrecht<\/strong><\/p>\n<p>Die durch die Seitenbetreiber erstellten Inhalte und Werke auf diesen Seiten unterliegen dem deutschen Urheberrecht. Die Vervielf\u00e4ltigung, Bearbeitung, Verbreitung und jede Art der Verwertung au\u00dferhalb der Grenzen des Urheberrechtes bed\u00fcrfen der schriftlichen Zustimmung des jeweiligen Autors bzw. Erstellers. Downloads und Kopien dieser Seite sind nur f\u00fcr den privaten, nicht kommerziellen Gebrauch gestattet. Soweit die Inhalte auf dieser Seite nicht vom Betreiber erstellt wurden, werden die Urheberrechte Dritter beachtet. Insbesondere werden Inhalte Dritter als solche gekennzeichnet. Sollten Sie trotzdem auf eine Urheberrechtsverletzung aufmerksam werden, bitten wir um einen entsprechenden Hinweis. Bei Bekanntwerden von Rechtsverletzungen werden wir derartige Inhalte umgehend entfernen.<\/p>\n<p>&nbsp;<\/p>\n<p><i>Quellenangaben:\u00a0<a href=\"http:\/\/www.e-recht24.de\/muster-disclaimer.html\" target=\"_blank\" rel=\"nofollow noopener noreferrer\">Disclaimer<\/a>\u00a0von eRecht24, dem Portal zum Internetrecht von Rechtsanwalt S\u00f6ren Siebert<\/i><\/p>\n<hr \/>\n<h3>Datenschutzerkl\u00e4rung<\/h3>\n<p>Der Schutz Ihrer pers\u00f6nlichen Daten ist uns ein besonderes Anliegen. Wir verarbeiten Ihre Daten daher ausschlie\u00dflich auf Grundlage der gesetzlichen Bestimmungen (EU-Datenschutzgrundverordnung, Telemediengesetz). In diesen Datenschutzinformationen informieren wir Sie \u00fcber die wichtigsten Aspekte der Datenverarbeitung im Rahmen unserer Website.<\/p>\n<p><strong>Speicherung von Zugriffsdaten<\/strong><\/p>\n<p>Bei jedem Zugriff eines Nutzers auf eine Seite aus dem Angebot des Landesverbandes der Wasser- und Bodenverb\u00e4nde Mecklenburg-Vorpommern und bei jedem Abruf einer Datei werden Zugriffsdaten \u00fcber diesen Vorgang in einer Protokolldatei auf unserem Server gespeichert.<\/p>\n<p>Jeder Datensatz besteht aus:<\/p>\n<ul>\n<li>der Seite, von der aus die Datei angefordert wurde (sog. Referrer-URL)<\/li>\n<li>dem Namen der Datei<\/li>\n<li>dem Datum und Uhrzeit der Anforderung (sog. &#8220;time stamp&#8221;)<\/li>\n<li>der \u00fcbertragenen Datenmenge<\/li>\n<li>dem Zugriffsstatus (Datei \u00fcbertragen, Datei nicht gefunden etc.)<\/li>\n<li>einer Beschreibung des Typs des verwendeten Internetbetrachtungsprogramms (engl. &#8220;web browser&#8221;, abgek\u00fcrzt &#8220;browser&#8221;; z.B. Microsoft Internetexplorer, Microsoft Edge, Mozilla Firefox, Google Chrome oder Apple Safari, Opera etc.)<\/li>\n<\/ul>\n<p>Die gespeicherten Daten werden ausschlie\u00dflich zu statistischen Zwecken ausgewertet, eine Weitergabe an Dritte, weder zu kommerziellen noch zu nichtkommerziellen Zwecken, findet nicht statt.<\/p>\n<p><strong>Datenl\u00f6schung und Speicherung<\/strong><\/p>\n<p>Ihre personenbezogenen Daten werden gel\u00f6scht oder gesperrt, sobald der Zweck der Speicherung entf\u00e4llt. Eine l\u00e4ngere Speicherung kann dann erfolgen, wenn der L\u00f6schung eine gesetzliche Aufbewahrungsfrist entgegensteht. Eine Weitergabe an Dritte erfolgt nicht.<\/p>\n<p><strong>Google Maps<\/strong><\/p>\n<p>Die Webseite wbv-mv.de verwendet\u00a0Google Maps\u00a0API, um geographische Informationen visuell darzustellen. Bei der Nutzung von Google Maps werden von Google auch Daten \u00fcber die Nutzung der Maps-Funktionen durch Besucher der Webseiten erhoben, verarbeitet und genutzt. N\u00e4here Informationen \u00fcber die Datenverarbeitung durch Google k\u00f6nnen Sie den\u00a0<a href=\"http:\/\/www.google.com\/privacypolicy.html\">Datenschutzhinweisen von Google<\/a>\u00a0entnehmen. Dort k\u00f6nnen Sie im Datenschutzcenter auch Ihre Einstellungen ver\u00e4ndern, so dass Sie Ihre Daten verwalten und sch\u00fctzen k\u00f6nnen.\u00a0<a href=\"http:\/\/www.dataliberation.org\/\">Hier finden Sie weitergehende Anleitungen zum Verwalten der eigenen Daten im Zusammenhang mit Google-Produkten.<\/a><\/p>\n<p><strong>Eingebundene YouTube-Videos<\/strong><\/p>\n<p>Die Webseite wbv-mv.de bindet YouTube-Videos ein. Die eingebundenen Clips legen bei dem Aufrufen der Seite Cookies auf den Computern der Nutzer ab. Wer das Setzen von Cookies f\u00fcr das Google-Werbeprogramm deaktiviert hat, wird auch beim Aufrufen von YouTube-Clips mit keinen solchen Cookies rechnen m\u00fcssen. YouTube legt aber auch in anderen Cookies nicht-personenbezogene Nutzungsinformationen ab. M\u00f6chten Sie dies verhindern, m\u00fcssen Sie das im Browser blockieren.<\/p>\n<p><strong>Links zu anderen Webseiten<\/strong><\/p>\n<p>Unsere Webseite enth\u00e4lt Links zu anderen Webseiten. Der Landesverband der Wasser- und Bodenverb\u00e4nde Mecklenburg-Vorpommern hat keinen Einfluss darauf, ob deren Betreiber die Datenschutzbestimmungen einhalten. Bitte informieren Sie sich jeweils in den dortigen Datenschutzerkl\u00e4rungen.<\/p>\n<p><strong>Ihre Rechte<\/strong><\/p>\n<p>Ihnen stehen grunds\u00e4tzlich die Rechte auf Auskunft, Berichtigung, L\u00f6schung, Einschr\u00e4nkung, Daten\u00fcbertragbarkeit, Widerruf und Widerspruch zu. Wenn Sie glauben, dass die Verarbeitung Ihrer Daten gegen das Datenschutzrecht verst\u00f6\u00dft oder Ihre datenschutzrechtlichen Anspr\u00fcche sonst in einer Weise verletzt worden sind, k\u00f6nnen Sie sich bei der Aufsichtsbeh\u00f6rde beschweren. In Deutschland sind dies die jeweiligen Landes-Datenschutzbeauftragten.<\/p>\n<p><strong>\u00c4nderungsvorbehalt<\/strong><\/p>\n<p>Der Landesverband der Wasser- und Bodenverb\u00e4nde Mecklenburg-Vorpommern beh\u00e4lt sich das Recht vor, diese Erkl\u00e4rung zum Datenschutz unter Beachtung der rechtlichen Vorgaben jederzeit zu \u00e4ndern.<\/p>\n<p><strong>Datenschutzbeauftragter des Wasser- und Bodenverbandes\u00a0&#8220;Obere Peene&#8221;<\/strong><\/p>\n<p>Sollten Sie Fragen und Anregungen zur Verarbeitung Ihrer personenbezogenen Daten durch uns haben, sind uns diese sehr willkommen. In diesem Fall erreichen Sie unseren Datenschutzbeauftragten (DSB) wie folgt:<\/p>\n<p><strong>postalisch:<\/strong><\/p>\n<p><strong>Landesverband der Wasser- und Bodenverb\u00e4nde Mecklenburg-Vorpommern<\/strong><strong><br \/>\n<\/strong><strong>Der Datenschutzbeauftragte<\/strong><strong><br \/>\n<\/strong><strong>Wiener Platz 4<\/strong><strong><br \/>\n<\/strong><strong>18069 Rostock<\/strong><\/p>\n<p><strong>per E-Mail:<\/strong><strong><br \/>\n<\/strong><a href=\"mailto:datenschutz@wbv-mv.de\">datenschutz@wbv-mv.de<\/a><\/p>\n<p><strong>oder per Fax:<\/strong><strong><br \/>\n<\/strong><strong>0381- 808 79 16<\/strong><\/p>\n<p><strong>Stand der Datenschutzerkl\u00e4rung<br \/>\nMai 2018<\/strong><\/p>\n","protected":false},"excerpt":{"rendered":"<p>Angaben gem\u00e4\u00df \u00a7 5 TMG: Anke Tiefmann WBV \u201cObere Peene\u201d, Neukalen An der Schlakendorfer Stra\u00dfe 13 17154 Neukalen Kontakt: Telefon: +49 (0) 39956 298700 Telefax: +49 (0) 39956 298705 E-Mail: obere-peene@wbv-mv.de Verantwortlich f\u00fcr den Inhalt nach \u00a7 55 Abs. 2 RStV: Anke Tiefmann WBV \u201cObere Peene\u201d, Neukalen An der Schlakendorfer Stra\u00dfe 13 17154 Neukalen Quellenangaben [&hellip;]<\/p>\n","protected":false},"author":2,"featured_media":0,"parent":0,"menu_order":0,"comment_status":"closed","ping_status":"closed","template":"","meta":{"_acf_changed":false,"footnotes":""},"acf":[],"_links":{"self":[{"href":"https:\/\/wbv-obere-peene.wbv-mv.de\/index.php?rest_route=\/wp\/v2\/pages\/246"}],"collection":[{"href":"https:\/\/wbv-obere-peene.wbv-mv.de\/index.php?rest_route=\/wp\/v2\/pages"}],"about":[{"href":"https:\/\/wbv-obere-peene.wbv-mv.de\/index.php?rest_route=\/wp\/v2\/types\/page"}],"author":[{"embeddable":true,"href":"https:\/\/wbv-obere-peene.wbv-mv.de\/index.php?rest_route=\/wp\/v2\/users\/2"}],"replies":[{"embeddable":true,"href":"https:\/\/wbv-obere-peene.wbv-mv.de\/index.php?rest_route=%2Fwp%2Fv2%2Fcomments&post=246"}],"version-history":[{"count":28,"href":"https:\/\/wbv-obere-peene.wbv-mv.de\/index.php?rest_route=\/wp\/v2\/pages\/246\/revisions"}],"predecessor-version":[{"id":847,"href":"https:\/\/wbv-obere-peene.wbv-mv.de\/index.php?rest_route=\/wp\/v2\/pages\/246\/revisions\/847"}],"wp:attachment":[{"href":"https:\/\/wbv-obere-peene.wbv-mv.de\/index.php?rest_route=%2Fwp%2Fv2%2Fmedia&parent=246"}],"curies":[{"name":"wp","href":"https:\/\/api.w.org\/{rel}","templated":true}]}}