{"id":228,"date":"2014-04-15T14:41:47","date_gmt":"2014-04-15T12:41:47","guid":{"rendered":"http:\/\/wbv-obere-peene.wbv-mv.de\/?page_id=228"},"modified":"2022-04-07T13:28:27","modified_gmt":"2022-04-07T11:28:27","slug":"projekte-3","status":"publish","type":"page","link":"https:\/\/wbv-obere-peene.wbv-mv.de\/?page_id=228","title":{"rendered":"Abgeschlossene Projekte"},"content":{"rendered":"<p><span style=\"color: #003366;\"><em><strong>Naturnahe Umgestaltung Rempliner M\u00fchlbach<\/strong><\/em><\/span><\/p>\n<p><img loading=\"lazy\" decoding=\"async\" class=\"alignnone size-medium wp-image-911\" src=\"https:\/\/wbv-obere-peene.wbv-mv.de\/wp-content\/uploads\/2020\/10\/EU_Tafel-m2-und-m3a-600x338.jpg\" alt=\"\" width=\"600\" height=\"338\" srcset=\"https:\/\/wbv-obere-peene.wbv-mv.de\/wp-content\/uploads\/2020\/10\/EU_Tafel-m2-und-m3a-600x338.jpg 600w, https:\/\/wbv-obere-peene.wbv-mv.de\/wp-content\/uploads\/2020\/10\/EU_Tafel-m2-und-m3a-768x432.jpg 768w, https:\/\/wbv-obere-peene.wbv-mv.de\/wp-content\/uploads\/2020\/10\/EU_Tafel-m2-und-m3a.jpg 1280w\" sizes=\"(max-width: 600px) 100vw, 600px\" \/><\/p>\n<p>Aus der vorgehenden Machbarkeitsstudie zur Umgestaltung des Rempliner M\u00fchlbaches werden das Ma\u00dfnahmepaket 2 und teilweise das Ma\u00dfnahmepaket 3 (Unterteilung in 3a, 3b, evtl. 3c) umgesetzt.<\/p>\n<p>Den Auftrag f\u00fcr die Umsetzung erhielt nach Verhandlungsvergabe o. Teilnahmewettbewerb (UVgO):<\/p>\n<p>IPROconsult GmbH<\/p>\n<p>Niederlassung Berlin\/Brandenburg<\/p>\n<p>Franz-Ehrlich-Stra\u00dfe 9<\/p>\n<p>12489 Berlin<\/p>\n<hr \/>\n<p><em><strong><span style=\"color: #003366;\">Funktionskontrollen<\/span><span style=\"color: #003366;\">\u00a0von 3 Fischaufstiegsanlagen in der Kittendorfer Peene<\/span><\/strong><\/em><\/p>\n<p><img loading=\"lazy\" decoding=\"async\" class=\"alignnone size-medium wp-image-884\" src=\"https:\/\/wbv-obere-peene.wbv-mv.de\/wp-content\/uploads\/2019\/12\/Folie1-600x338.jpg\" alt=\"\" width=\"600\" height=\"338\" srcset=\"https:\/\/wbv-obere-peene.wbv-mv.de\/wp-content\/uploads\/2019\/12\/Folie1-600x338.jpg 600w, https:\/\/wbv-obere-peene.wbv-mv.de\/wp-content\/uploads\/2019\/12\/Folie1-768x432.jpg 768w, https:\/\/wbv-obere-peene.wbv-mv.de\/wp-content\/uploads\/2019\/12\/Folie1.jpg 1280w\" sizes=\"(max-width: 600px) 100vw, 600px\" \/><\/p>\n<p><span style=\"color: #003366;\">Nach der Herstellung der \u00f6kologischen Durchg\u00e4ngigkeit in den Wasserk\u00f6rpern OPEE-1600 (2 Stellen) und OPEE-1700 (1 Stelle) wird nun die Effektivit\u00e4t der Anlagen \u00fcberpr\u00fcft.<\/span><\/p>\n<p><span style=\"color: #003366;\">Planungsb\u00fcro (ausgew\u00e4hlt \u00fcber die Rahmenvereinbarung des Landesamtes f\u00fcr Umwelt Natur und Geologie WasserF\u00f6Ril):\u00a0 \u00a0 \u00a0 \u00a0 \u00a0 \u00a0 \u00a0 \u00a0 \u00a0 \u00a0 \u00a0 \u00a0 \u00a0 \u00a0 \u00a0 \u00a0 \u00a0 \u00a0 \u00a0 \u00a0 \u00a0 \u00a0 \u00a0 \u00a0 \u00a0 \u00a0 \u00a0 \u00a0 \u00a0 \u00a0 \u00a0 \u00a0 \u00a0 \u00a0 \u00a0 \u00a0 \u00a0 \u00a0 \u00a0 \u00a0 \u00a0 \u00a0 \u00a0 \u00a0 \u00a0 \u00a0 \u00a0 \u00a0 \u00a0 \u00a0 \u00a0 \u00a0 \u00a0 \u00a0 \u00a0 \u00a0 \u00a0 \u00a0 \u00a0 \u00a0 \u00a0 \u00a0 \u00a0 \u00a0 \u00a0 \u00a0 \u00a0<\/span><\/p>\n<p><span style=\"color: #003366;\">Natura et Cultura<\/span><\/p>\n<p>Umweltplanung und Umweltbildung<\/p>\n<p>Wilhelm-Kl\u00fcz-Platz 1<\/p>\n<p><span style=\"color: #003366;\">18055 Rostock<\/span><\/p>\n<p>&nbsp;<\/p>\n<hr \/>\n<p><em><strong><span style=\"color: #003366;\">Gew\u00e4sserentwicklungs- und pflegepl\u00e4ne Zufl\u00fcsse Malchiner See (Ziddorfer M\u00fchlbach, Westpeene, Dahmer M\u00fchlbach)<\/span><\/strong><\/em><\/p>\n<p><img loading=\"lazy\" decoding=\"async\" class=\"alignnone size-medium wp-image-887\" src=\"https:\/\/wbv-obere-peene.wbv-mv.de\/wp-content\/uploads\/2019\/12\/EU_Tafel-600x338.jpg\" alt=\"\" width=\"600\" height=\"338\" srcset=\"https:\/\/wbv-obere-peene.wbv-mv.de\/wp-content\/uploads\/2019\/12\/EU_Tafel-600x338.jpg 600w, https:\/\/wbv-obere-peene.wbv-mv.de\/wp-content\/uploads\/2019\/12\/EU_Tafel-768x432.jpg 768w, https:\/\/wbv-obere-peene.wbv-mv.de\/wp-content\/uploads\/2019\/12\/EU_Tafel.jpg 1280w\" sizes=\"(max-width: 600px) 100vw, 600px\" \/><\/p>\n<p><span style=\"color: #003366;\">Nach den umfangreichen Renaturierungsma\u00dfnahmen an den Gew\u00e4ssern durch den F\u00f6rderverein Naturpark Mecklenburgische Schweiz, wird nun ein Konzept erarbeitet, welches Entwicklungen zul\u00e4sst und zul\u00e4ssige Pflegearbeiten definiert ohne die Ziele der WRRL zu gef\u00e4hrden.<\/span><\/p>\n<p><span style=\"color: #003366;\">Planungsb\u00fcro (ausgew\u00e4hlt \u00fcber die Rahmenvereinbarung des Landesamtes f\u00fcr Umwelt Natur und Geologie WasserF\u00f6Ril):\u00a0 \u00a0 \u00a0 \u00a0 \u00a0 \u00a0 \u00a0 \u00a0 \u00a0 \u00a0 \u00a0 \u00a0 \u00a0 \u00a0 \u00a0 \u00a0 \u00a0 \u00a0 \u00a0 \u00a0 \u00a0 \u00a0 \u00a0 \u00a0 \u00a0 \u00a0 \u00a0 \u00a0 \u00a0 \u00a0 \u00a0 \u00a0 \u00a0 \u00a0 \u00a0 \u00a0 \u00a0 \u00a0 \u00a0 \u00a0 \u00a0 \u00a0 \u00a0 \u00a0 \u00a0 \u00a0 \u00a0 \u00a0 \u00a0 \u00a0 \u00a0 \u00a0 \u00a0 \u00a0 \u00a0 \u00a0 \u00a0 \u00a0 \u00a0 \u00a0 \u00a0 \u00a0 \u00a0 \u00a0 \u00a0 \u00a0 \u00a0<\/span><\/p>\n<p><span style=\"color: #003366;\">biota &#8211; Institut f\u00fcr \u00f6kologische Forschung und Planung GmbH<\/span><\/p>\n<p><span style=\"color: #003366;\">Nebelring 15<\/span><\/p>\n<p><span style=\"color: #003366;\">18246 B\u00fctzow<\/span><\/p>\n<p>&nbsp;<\/p>\n<hr \/>\n<p><span style=\"color: #003366;\"><em><strong>Machbarkeitsstudie Rempliner M\u00fchlbach<\/strong><\/em><\/span><\/p>\n<p><img loading=\"lazy\" decoding=\"async\" class=\"alignnone size-medium wp-image-891\" src=\"https:\/\/wbv-obere-peene.wbv-mv.de\/wp-content\/uploads\/2019\/12\/EU_Tafel-1-600x338.jpg\" alt=\"\" width=\"600\" height=\"338\" srcset=\"https:\/\/wbv-obere-peene.wbv-mv.de\/wp-content\/uploads\/2019\/12\/EU_Tafel-1-600x338.jpg 600w, https:\/\/wbv-obere-peene.wbv-mv.de\/wp-content\/uploads\/2019\/12\/EU_Tafel-1-768x432.jpg 768w, https:\/\/wbv-obere-peene.wbv-mv.de\/wp-content\/uploads\/2019\/12\/EU_Tafel-1.jpg 1280w\" sizes=\"(max-width: 600px) 100vw, 600px\" \/><\/p>\n<p><span style=\"color: #003366;\">In der Studie wurden Ma\u00dfnahmen zur Umsetzung der EU-Wasserrahmenrichtlinie am Rempliner M\u00fchlbach untersucht.<\/span><\/p>\n<p><span style=\"color: #003366;\">Planungsb\u00fcro:<\/span><\/p>\n<p><span style=\"color: #003366;\">IPROconsult GmbH<\/span><\/p>\n<p><span style=\"color: #003366;\">Niederlassung Berlin\/Brandenburg<\/span><\/p>\n<p><span style=\"color: #003366;\">Franz-Jacob-Stra\u00dfe 2<\/span><\/p>\n<p><span style=\"color: #003366;\">10369 Berlin<\/span><\/p>\n<p>&nbsp;<\/p>\n<hr \/>\n<p><span style=\"color: #003366;\"><em><strong>Machbarkeitsstudie R\u00f6cknitzbach<\/strong><\/em><\/span><\/p>\n<p><img loading=\"lazy\" decoding=\"async\" class=\"alignnone size-medium wp-image-892\" src=\"https:\/\/wbv-obere-peene.wbv-mv.de\/wp-content\/uploads\/2019\/12\/EU_Tafel-2-600x338.jpg\" alt=\"\" width=\"600\" height=\"338\" srcset=\"https:\/\/wbv-obere-peene.wbv-mv.de\/wp-content\/uploads\/2019\/12\/EU_Tafel-2-600x338.jpg 600w, https:\/\/wbv-obere-peene.wbv-mv.de\/wp-content\/uploads\/2019\/12\/EU_Tafel-2-768x432.jpg 768w, https:\/\/wbv-obere-peene.wbv-mv.de\/wp-content\/uploads\/2019\/12\/EU_Tafel-2.jpg 1280w\" sizes=\"(max-width: 600px) 100vw, 600px\" \/><\/p>\n<p><span style=\"color: #003366;\">In der Studie wurden Ma\u00dfnahmen zur Umsetzung der EU-Wasserrahmenrichtlinie am Oberlauf des R\u00f6cknitzbaches untersucht.<\/span><\/p>\n<p><span style=\"color: #003366;\">Planungsb\u00fcro: <\/span><\/p>\n<p><span style=\"color: #003366;\">UmweltPlan GmbH Stralsund<\/span><\/p>\n<p><span style=\"color: #003366;\">Tribseer Damm 2<\/span><\/p>\n<p><span style=\"color: #003366;\">18437 Stralsund<\/span><\/p>\n<hr \/>\n<p>&nbsp;<\/p>\n<p><span style=\"color: #003366;\"><em><strong>Altarm Kittendorfer Peene<\/strong><\/em><\/span><\/p>\n<p><span style=\"color: #003366;\">Um die Stra\u00dfenf\u00fchrung des Schwabendorfer Weges zu optimieren, wurde es erforderlich den Br\u00fcckenstandort \u00fcber die Kittendorfer Peene zu verlegen. Nach Pr\u00fcfung der Varianten wurde eine \u00d6ffnung einer Altarmschleife bef\u00fcrwortet. Diese Umverlegung des Gew\u00e4ssers entspricht den Zielen und Forderungen der Bewirtschaftungsplanung (EU-Wasserrahmenrichtlinie). Der Gew\u00e4sserabschnitt wurde naturnah ausgebaut.<\/span><\/p>\n<p><span style=\"color: #003366;\">Planung:<\/span><\/p>\n<p><span style=\"color: #003366;\">Ingenieurb\u00fcro Neukalen GmbH<\/span><\/p>\n<p><span style=\"color: #003366;\">Am Markt 1<\/span><\/p>\n<p><span style=\"color: #003366;\">17154 Neukalen<\/span><\/p>\n<p>&nbsp;<\/p>\n<p><span style=\"color: #003366;\">Bauausf\u00fchrung:<\/span><\/p>\n<p><span style=\"color: #003366;\">HTS M\u00fcritz GmbH<\/span><\/p>\n<p><span style=\"color: #003366;\">DANNEHL<\/span><\/p>\n<p><span style=\"color: #003366;\">Warener Chaussee 2<\/span><\/p>\n<p><span style=\"color: #003366;\">17192 Peenehagen OT Alt Sch\u00f6nau<\/span><\/p>\n<p>&nbsp;<\/p>\n<hr \/>\n<p><span style=\"color: #003366;\"><em><strong>Naturnahe Gestaltung Der Kittendorfer Peene vom Ablauf des Gro\u00dfen Varchentiner Sees bis zum Schlosspark Kittendorf<\/strong><\/em><\/span><\/p>\n<p><strong><span style=\"color: #003366;\"><em>Konzeptionelles Projekt<\/em><\/span><\/strong><\/p>\n<p><span style=\"color: #003366;\"><em>Entlang des Flie\u00dfgew\u00e4sserabschnittes sollen Ma\u00dfnahmen zur Strukturverbesserung getroffen werden, z.B. Einbau von Totholz, Aufweitung des Gew\u00e4sserprofils, Anpflanzung von standorttypischen Geh\u00f6lzen. Ziel ist die Wiederherstellung eines ann\u00e4hernd naturnahen Flie\u00dfgew\u00e4ssers mit angepasster Gew\u00e4sserunterhaltung.<\/em><\/span><\/p>\n<p><img loading=\"lazy\" decoding=\"async\" class=\"alignnone wp-image-686\" src=\"http:\/\/wbv-obere-peene.wbv-mv.de\/wp-content\/uploads\/2014\/04\/EU-Schild-Kittendorfer-Peene-Machbarkeitsstudie-600x425.jpg\" alt=\"\" width=\"456\" height=\"323\" srcset=\"https:\/\/wbv-obere-peene.wbv-mv.de\/wp-content\/uploads\/2014\/04\/EU-Schild-Kittendorfer-Peene-Machbarkeitsstudie-600x425.jpg 600w, https:\/\/wbv-obere-peene.wbv-mv.de\/wp-content\/uploads\/2014\/04\/EU-Schild-Kittendorfer-Peene-Machbarkeitsstudie-768x544.jpg 768w, https:\/\/wbv-obere-peene.wbv-mv.de\/wp-content\/uploads\/2014\/04\/EU-Schild-Kittendorfer-Peene-Machbarkeitsstudie.jpg 918w\" sizes=\"(max-width: 456px) 100vw, 456px\" \/><img loading=\"lazy\" decoding=\"async\" class=\"wp-image-644 alignright\" src=\"http:\/\/wbv-obere-peene.wbv-mv.de\/wp-content\/uploads\/2014\/04\/20160714_105318-600x338.jpg\" alt=\"20160714_105318\" width=\"433\" height=\"244\" srcset=\"https:\/\/wbv-obere-peene.wbv-mv.de\/wp-content\/uploads\/2014\/04\/20160714_105318-600x338.jpg 600w, https:\/\/wbv-obere-peene.wbv-mv.de\/wp-content\/uploads\/2014\/04\/20160714_105318-768x432.jpg 768w\" sizes=\"(max-width: 433px) 100vw, 433px\" \/><\/p>\n<p>&nbsp;<\/p>\n<hr \/>\n<p>&nbsp;<\/p>\n<p>&nbsp;<\/p>\n<hr \/>\n<p>&nbsp;<\/p>\n<p><span style=\"color: #003366;\"><em><strong>Fischaufstiegsanlage unter<span style=\"color: #003366;\">ha<\/span>lb von Kittendorf<\/strong><\/em><\/span><\/p>\n<p><span style=\"color: #003366;\"><em><strong><img loading=\"lazy\" decoding=\"async\" class=\"alignleft wp-image-309\" src=\"http:\/\/wbv-obere-peene.wbv-mv.de\/wp-content\/uploads\/2014\/04\/DSCN1227-600x450.jpg\" alt=\"DSCN1227\" width=\"500\" height=\"375\" srcset=\"https:\/\/wbv-obere-peene.wbv-mv.de\/wp-content\/uploads\/2014\/04\/DSCN1227-600x450.jpg 600w, https:\/\/wbv-obere-peene.wbv-mv.de\/wp-content\/uploads\/2014\/04\/DSCN1227.jpg 1900w\" sizes=\"(max-width: 500px) 100vw, 500px\" \/><\/strong><\/em><\/span><\/p>\n<p><span style=\"color: #003366;\"><em>Im Zuge der Umsetzung der WRRL wurde in der Kittendorfer Peene ein \u00f6kologisch nicht durchg\u00e4ngiger Durchlass mit Sohlabsturz durch eine durchwanderbare Sahlrampe mit St\u00f6rsteinen und einem HAMCO-Durchlass\u00a0von 2,4 m Durchmesser ersetzt.<\/em><\/span><\/p>\n<p>&nbsp;<\/p>\n<p>&nbsp;<\/p>\n<p>&nbsp;<\/p>\n<p>&nbsp;<\/p>\n<p>&nbsp;<\/p>\n<p>&nbsp;<\/p>\n<p>&nbsp;<\/p>\n<p>&nbsp;<\/p>\n<p>&nbsp;<\/p>\n<p>&nbsp;<\/p>\n<hr \/>\n<p><span style=\"color: #003366;\"><em><strong>\u00a0<\/strong><\/em><\/span><\/p>\n<p><em style=\"color: #003366;\"><strong>Fischaufstiegsanlage unterhalb des Gro\u00dfen Vachentiner Sees<\/strong><\/em><\/p>\n<p><img loading=\"lazy\" decoding=\"async\" class=\"alignleft wp-image-306\" src=\"http:\/\/wbv-obere-peene.wbv-mv.de\/wp-content\/uploads\/2014\/04\/WP_000001-600x450.jpg\" alt=\"WP_000001\" width=\"500\" height=\"375\" \/><\/p>\n<p><span style=\"color: #003366;\"><em>Das Niveau des Gro\u00dfen Varchentiner Sees wurde lange Zeit durch eine nicht \u00f6kologisch durchg\u00e4ngige Steinsch\u00fcttung gehalten. Zum Abbau des H\u00f6henunterschiedes bei gleichzeitiger Umgestaltung zu einem \u00f6kologisch durchg\u00e4ngigem Bauwerk wurde an dieser Stelle ein Raugerinne-Beckenpass mit 11 Becken installiert.\u00a0<\/em><\/span><\/p>\n<p>&nbsp;<\/p>\n<p>&nbsp;<\/p>\n<p>&nbsp;<\/p>\n<p>&nbsp;<\/p>\n<p>&nbsp;<\/p>\n<p>&nbsp;<\/p>\n<p>&nbsp;<\/p>\n<p>&nbsp;<\/p>\n<p>&nbsp;<\/p>\n<p>&nbsp;<\/p>\n<hr \/>\n<p><span style=\"color: #003366;\"><em><strong>\u00a0Ostpeene bei Kargow (Ausbau als Hochwasserentlastungsgraben mit \u00f6kologischen Funktionen)<\/strong><\/em><\/span><\/p>\n<p><b style=\"color: #003366;\"><i><img loading=\"lazy\" decoding=\"async\" class=\"alignleft wp-image-314\" src=\"http:\/\/wbv-obere-peene.wbv-mv.de\/wp-content\/uploads\/2014\/04\/WP_0001061-600x450.jpg\" alt=\"WP_000106\" width=\"500\" height=\"375\" \/><\/i><\/b><\/p>\n<p><em>Eine \u00fcberbaute und zu klein dimensionierte Rohrleitung wurde im Zuge des Hochwasserschutzes durch ein naturn\u00e4heres offenes Gerinne mit Zwischenspeicher in Form von zwei Kleingew\u00e4ssern ersetzt.<\/em><\/p>\n<p>&nbsp;<\/p>\n<p>&nbsp;<\/p>\n<p>&nbsp;<\/p>\n<p>&nbsp;<\/p>\n<p>&nbsp;<\/p>\n<p>&nbsp;<\/p>\n<p>&nbsp;<\/p>\n<p>&nbsp;<\/p>\n<p>&nbsp;<\/p>\n<p>&nbsp;<\/p>\n<p>&nbsp;<\/p>\n<hr \/>\n<p><span style=\"color: #003366;\"><em><strong>\u00a0Fischaufstiegsanlage Schlosspark Kittendorf<\/strong><\/em><\/span><\/p>\n<p><img loading=\"lazy\" decoding=\"async\" class=\"alignleft wp-image-643\" src=\"http:\/\/wbv-obere-peene.wbv-mv.de\/wp-content\/uploads\/2014\/04\/20160704_140920-600x338.jpg\" alt=\"20160704_140920\" width=\"500\" height=\"281\" srcset=\"https:\/\/wbv-obere-peene.wbv-mv.de\/wp-content\/uploads\/2014\/04\/20160704_140920-600x338.jpg 600w, https:\/\/wbv-obere-peene.wbv-mv.de\/wp-content\/uploads\/2014\/04\/20160704_140920-768x432.jpg 768w\" sizes=\"(max-width: 500px) 100vw, 500px\" \/><\/p>\n","protected":false},"excerpt":{"rendered":"<p>Naturnahe Umgestaltung Rempliner M\u00fchlbach Aus der vorgehenden Machbarkeitsstudie zur Umgestaltung des Rempliner M\u00fchlbaches werden das Ma\u00dfnahmepaket 2 und teilweise das Ma\u00dfnahmepaket 3 (Unterteilung in 3a, 3b, evtl. 3c) umgesetzt. Den Auftrag f\u00fcr die Umsetzung erhielt nach Verhandlungsvergabe o. Teilnahmewettbewerb (UVgO): IPROconsult GmbH Niederlassung Berlin\/Brandenburg Franz-Ehrlich-Stra\u00dfe 9 12489 Berlin Funktionskontrollen\u00a0von 3 Fischaufstiegsanlagen in der Kittendorfer Peene [&hellip;]<\/p>\n","protected":false},"author":1,"featured_media":0,"parent":0,"menu_order":0,"comment_status":"closed","ping_status":"closed","template":"","meta":{"_acf_changed":false,"footnotes":""},"acf":[],"_links":{"self":[{"href":"https:\/\/wbv-obere-peene.wbv-mv.de\/index.php?rest_route=\/wp\/v2\/pages\/228"}],"collection":[{"href":"https:\/\/wbv-obere-peene.wbv-mv.de\/index.php?rest_route=\/wp\/v2\/pages"}],"about":[{"href":"https:\/\/wbv-obere-peene.wbv-mv.de\/index.php?rest_route=\/wp\/v2\/types\/page"}],"author":[{"embeddable":true,"href":"https:\/\/wbv-obere-peene.wbv-mv.de\/index.php?rest_route=\/wp\/v2\/users\/1"}],"replies":[{"embeddable":true,"href":"https:\/\/wbv-obere-peene.wbv-mv.de\/index.php?rest_route=%2Fwp%2Fv2%2Fcomments&post=228"}],"version-history":[{"count":30,"href":"https:\/\/wbv-obere-peene.wbv-mv.de\/index.php?rest_route=\/wp\/v2\/pages\/228\/revisions"}],"predecessor-version":[{"id":951,"href":"https:\/\/wbv-obere-peene.wbv-mv.de\/index.php?rest_route=\/wp\/v2\/pages\/228\/revisions\/951"}],"wp:attachment":[{"href":"https:\/\/wbv-obere-peene.wbv-mv.de\/index.php?rest_route=%2Fwp%2Fv2%2Fmedia&parent=228"}],"curies":[{"name":"wp","href":"https:\/\/api.w.org\/{rel}","templated":true}]}}